{"id":2861,"date":"2026-02-06T14:57:02","date_gmt":"2026-02-06T12:57:02","guid":{"rendered":"https:\/\/bk-site-amp74.top\/?page_id=2861"},"modified":"2026-02-06T14:57:02","modified_gmt":"2026-02-06T12:57:02","slug":"sports-betting-az","status":"publish","type":"page","link":"https:\/\/bk-site-amp74.top\/az\/sports-betting-az\/","title":{"rendered":"Sports betting-az"},"content":{"rendered":"","protected":false},"excerpt":{"rendered":"","protected":false},"author":1,"featured_media":0,"parent":0,"menu_order":0,"comment_status":"closed","ping_status":"closed","template":"home-new.php","meta":{"_acf_changed":false,"footnotes":""},"class_list":["post-2861","page","type-page","status-publish","hentry"],"acf":[],"yoast_head":"<!-- This site is optimized with the Yoast SEO plugin v26.9 - https:\/\/yoast.com\/product\/yoast-seo-wordpress\/ -->\n<title>Az\u0259rbaycanda idman m\u0259rc oyunlar\u0131: m\u0259rc ed\u0259nl\u0259rin bilm\u0259li oldu\u011fu \u015feyl\u0259r<\/title>\n<meta name=\"description\" content=\"Az\u0259rbaycanda m\u0259rc b\u00f6lm\u0259sinin icmal\u0131: \u0259sas \u015fey haqq\u0131nda q\u0131saca. \u0130dmana nec\u0259 m\u0259rc etm\u0259k olar: Ba\u015flayanlar \u00fc\u00e7\u00fcn \u0259trafl\u0131 b\u0259l\u0259d\u00e7i. Hans\u0131 mat\u00e7lara m\u0259rc ed\u0259 bil\u0259rsiniz, m\u0259rc n\u00f6vl\u0259ri v\u0259 \u0259msallar?\" \/>\n<meta name=\"robots\" content=\"index, follow, max-snippet:-1, max-image-preview:large, max-video-preview:-1\" \/>\n<link rel=\"canonical\" href=\"https:\/\/bk-site-amp74.top\/az\/sports-betting-az\/\" \/>\n<meta property=\"og:locale\" content=\"ru_RU\" \/>\n<meta property=\"og:type\" content=\"article\" \/>\n<meta property=\"og:title\" content=\"Az\u0259rbaycanda idman m\u0259rc oyunlar\u0131: m\u0259rc ed\u0259nl\u0259rin bilm\u0259li oldu\u011fu \u015feyl\u0259r\" \/>\n<meta property=\"og:description\" content=\"Az\u0259rbaycanda m\u0259rc b\u00f6lm\u0259sinin icmal\u0131: \u0259sas \u015fey haqq\u0131nda q\u0131saca. \u0130dmana nec\u0259 m\u0259rc etm\u0259k olar: Ba\u015flayanlar \u00fc\u00e7\u00fcn \u0259trafl\u0131 b\u0259l\u0259d\u00e7i. Hans\u0131 mat\u00e7lara m\u0259rc ed\u0259 bil\u0259rsiniz, m\u0259rc n\u00f6vl\u0259ri v\u0259 \u0259msallar?\" \/>\n<meta property=\"og:url\" content=\"https:\/\/bk-site-amp74.top\/az\/sports-betting-az\/\" \/>\n<meta property=\"og:site_name\" content=\"1xBet \u041e\u0444\u0438\u0446\u0438\u0430\u043b\u044c\u043d\u044b\u0439 C\u0430\u0439\u0442\" \/>\n<script type=\"application\/ld+json\" class=\"yoast-schema-graph\">{\"@context\":\"https:\/\/schema.org\",\"@graph\":[{\"@type\":\"WebPage\",\"@id\":\"https:\/\/bk-site-amp74.top\/az\/sports-betting-az\/\",\"url\":\"https:\/\/bk-site-amp74.top\/az\/sports-betting-az\/\",\"name\":\"Az\u0259rbaycanda idman m\u0259rc oyunlar\u0131: m\u0259rc ed\u0259nl\u0259rin bilm\u0259li oldu\u011fu \u015feyl\u0259r\",\"isPartOf\":{\"@id\":\"https:\/\/bk-site-amp74.top\/#website\"},\"datePublished\":\"2026-02-06T12:57:02+00:00\",\"description\":\"Az\u0259rbaycanda m\u0259rc b\u00f6lm\u0259sinin icmal\u0131: \u0259sas \u015fey haqq\u0131nda q\u0131saca. \u0130dmana nec\u0259 m\u0259rc etm\u0259k olar: Ba\u015flayanlar \u00fc\u00e7\u00fcn \u0259trafl\u0131 b\u0259l\u0259d\u00e7i. Hans\u0131 mat\u00e7lara m\u0259rc ed\u0259 bil\u0259rsiniz, m\u0259rc n\u00f6vl\u0259ri v\u0259 \u0259msallar?\",\"breadcrumb\":{\"@id\":\"https:\/\/bk-site-amp74.top\/az\/sports-betting-az\/#breadcrumb\"},\"inLanguage\":\"ru-RU\",\"potentialAction\":[{\"@type\":\"ReadAction\",\"target\":[\"https:\/\/bk-site-amp74.top\/az\/sports-betting-az\/\"]}]},{\"@type\":\"BreadcrumbList\",\"@id\":\"https:\/\/bk-site-amp74.top\/az\/sports-betting-az\/#breadcrumb\",\"itemListElement\":[{\"@type\":\"ListItem\",\"position\":1,\"name\":\"1\u0445\u0431\u0435\u0442\",\"item\":\"https:\/\/bk-site-amp74.top\/\"},{\"@type\":\"ListItem\",\"position\":2,\"name\":\"Sports betting-az\"}]},{\"@type\":\"WebSite\",\"@id\":\"https:\/\/bk-site-amp74.top\/#website\",\"url\":\"https:\/\/bk-site-amp74.top\/\",\"name\":\"1xbet\",\"description\":\"\",\"alternateName\":\"1\u0445\u0431\u0435\u0442\",\"potentialAction\":[{\"@type\":\"SearchAction\",\"target\":{\"@type\":\"EntryPoint\",\"urlTemplate\":\"https:\/\/bk-site-amp74.top\/?s={search_term_string}\"},\"query-input\":{\"@type\":\"PropertyValueSpecification\",\"valueRequired\":true,\"valueName\":\"search_term_string\"}}],\"inLanguage\":\"ru-RU\"}]}<\/script>\n<!-- \/ Yoast SEO plugin. -->","yoast_head_json":{"title":"Az\u0259rbaycanda idman m\u0259rc oyunlar\u0131: m\u0259rc ed\u0259nl\u0259rin bilm\u0259li oldu\u011fu \u015feyl\u0259r","description":"Az\u0259rbaycanda m\u0259rc b\u00f6lm\u0259sinin icmal\u0131: \u0259sas \u015fey haqq\u0131nda q\u0131saca. \u0130dmana nec\u0259 m\u0259rc etm\u0259k olar: Ba\u015flayanlar \u00fc\u00e7\u00fcn \u0259trafl\u0131 b\u0259l\u0259d\u00e7i. Hans\u0131 mat\u00e7lara m\u0259rc ed\u0259 bil\u0259rsiniz, m\u0259rc n\u00f6vl\u0259ri v\u0259 \u0259msallar?","robots":{"index":"index","follow":"follow","max-snippet":"max-snippet:-1","max-image-preview":"max-image-preview:large","max-video-preview":"max-video-preview:-1"},"canonical":"https:\/\/bk-site-amp74.top\/az\/sports-betting-az\/","og_locale":"ru_RU","og_type":"article","og_title":"Az\u0259rbaycanda idman m\u0259rc oyunlar\u0131: m\u0259rc ed\u0259nl\u0259rin bilm\u0259li oldu\u011fu \u015feyl\u0259r","og_description":"Az\u0259rbaycanda m\u0259rc b\u00f6lm\u0259sinin icmal\u0131: \u0259sas \u015fey haqq\u0131nda q\u0131saca. \u0130dmana nec\u0259 m\u0259rc etm\u0259k olar: Ba\u015flayanlar \u00fc\u00e7\u00fcn \u0259trafl\u0131 b\u0259l\u0259d\u00e7i. Hans\u0131 mat\u00e7lara m\u0259rc ed\u0259 bil\u0259rsiniz, m\u0259rc n\u00f6vl\u0259ri v\u0259 \u0259msallar?","og_url":"https:\/\/bk-site-amp74.top\/az\/sports-betting-az\/","og_site_name":"1xBet \u041e\u0444\u0438\u0446\u0438\u0430\u043b\u044c\u043d\u044b\u0439 C\u0430\u0439\u0442","schema":{"@context":"https:\/\/schema.org","@graph":[{"@type":"WebPage","@id":"https:\/\/bk-site-amp74.top\/az\/sports-betting-az\/","url":"https:\/\/bk-site-amp74.top\/az\/sports-betting-az\/","name":"Az\u0259rbaycanda idman m\u0259rc oyunlar\u0131: m\u0259rc ed\u0259nl\u0259rin bilm\u0259li oldu\u011fu \u015feyl\u0259r","isPartOf":{"@id":"https:\/\/bk-site-amp74.top\/#website"},"datePublished":"2026-02-06T12:57:02+00:00","description":"Az\u0259rbaycanda m\u0259rc b\u00f6lm\u0259sinin icmal\u0131: \u0259sas \u015fey haqq\u0131nda q\u0131saca. \u0130dmana nec\u0259 m\u0259rc etm\u0259k olar: Ba\u015flayanlar \u00fc\u00e7\u00fcn \u0259trafl\u0131 b\u0259l\u0259d\u00e7i. Hans\u0131 mat\u00e7lara m\u0259rc ed\u0259 bil\u0259rsiniz, m\u0259rc n\u00f6vl\u0259ri v\u0259 \u0259msallar?","breadcrumb":{"@id":"https:\/\/bk-site-amp74.top\/az\/sports-betting-az\/#breadcrumb"},"inLanguage":"ru-RU","potentialAction":[{"@type":"ReadAction","target":["https:\/\/bk-site-amp74.top\/az\/sports-betting-az\/"]}]},{"@type":"BreadcrumbList","@id":"https:\/\/bk-site-amp74.top\/az\/sports-betting-az\/#breadcrumb","itemListElement":[{"@type":"ListItem","position":1,"name":"1\u0445\u0431\u0435\u0442","item":"https:\/\/bk-site-amp74.top\/"},{"@type":"ListItem","position":2,"name":"Sports betting-az"}]},{"@type":"WebSite","@id":"https:\/\/bk-site-amp74.top\/#website","url":"https:\/\/bk-site-amp74.top\/","name":"1xbet","description":"","alternateName":"1\u0445\u0431\u0435\u0442","potentialAction":[{"@type":"SearchAction","target":{"@type":"EntryPoint","urlTemplate":"https:\/\/bk-site-amp74.top\/?s={search_term_string}"},"query-input":{"@type":"PropertyValueSpecification","valueRequired":true,"valueName":"search_term_string"}}],"inLanguage":"ru-RU"}]}},"amp_enabled":true,"_links":{"self":[{"href":"https:\/\/bk-site-amp74.top\/wp-json\/wp\/v2\/pages\/2861","targetHints":{"allow":["GET"]}}],"collection":[{"href":"https:\/\/bk-site-amp74.top\/wp-json\/wp\/v2\/pages"}],"about":[{"href":"https:\/\/bk-site-amp74.top\/wp-json\/wp\/v2\/types\/page"}],"author":[{"embeddable":true,"href":"https:\/\/bk-site-amp74.top\/wp-json\/wp\/v2\/users\/1"}],"replies":[{"embeddable":true,"href":"https:\/\/bk-site-amp74.top\/wp-json\/wp\/v2\/comments?post=2861"}],"version-history":[{"count":1,"href":"https:\/\/bk-site-amp74.top\/wp-json\/wp\/v2\/pages\/2861\/revisions"}],"predecessor-version":[{"id":2862,"href":"https:\/\/bk-site-amp74.top\/wp-json\/wp\/v2\/pages\/2861\/revisions\/2862"}],"wp:attachment":[{"href":"https:\/\/bk-site-amp74.top\/wp-json\/wp\/v2\/media?parent=2861"}],"curies":[{"name":"wp","href":"https:\/\/api.w.org\/{rel}","templated":true}]}}