{"id":2867,"date":"2026-02-06T15:20:38","date_gmt":"2026-02-06T13:20:38","guid":{"rendered":"https:\/\/bk-site-amp74.top\/?page_id=2867"},"modified":"2026-02-06T15:20:38","modified_gmt":"2026-02-06T13:20:38","slug":"e-sports-betting-az","status":"publish","type":"page","link":"https:\/\/bk-site-amp74.top\/az\/e-sports-betting-az\/","title":{"rendered":"E-sports betting-az"},"content":{"rendered":"","protected":false},"excerpt":{"rendered":"","protected":false},"author":1,"featured_media":0,"parent":0,"menu_order":0,"comment_status":"closed","ping_status":"closed","template":"home-new.php","meta":{"_acf_changed":false,"footnotes":""},"class_list":["post-2867","page","type-page","status-publish","hentry"],"acf":[],"yoast_head":"<!-- This site is optimized with the Yoast SEO plugin v26.9 - https:\/\/yoast.com\/product\/yoast-seo-wordpress\/ -->\n<title>BC 1xbet Azerbaijan-da x\u00fcsusi bonusla eSports \u00fczr\u0259 s\u0259rf\u0259li m\u0259rcl\u0259r<\/title>\n<meta name=\"description\" content=\"1xbet Azerbaijan-da qeydiyyatdan ke\u00e7in v\u0259 rahat \u015f\u0259raitd\u0259 eSports-a m\u0259rc edin. T\u0259dbirl\u0259rin b\u00f6y\u00fck se\u00e7imi, y\u00fcks\u0259k \u0259msallar, x\u00fcsusi promosyonlar - 1xbet-d\u0259 eSports m\u0259rcl\u0259rinin \u00fcst\u00fcnl\u00fckl\u0259ri\" \/>\n<meta name=\"robots\" content=\"index, follow, max-snippet:-1, max-image-preview:large, max-video-preview:-1\" \/>\n<link rel=\"canonical\" href=\"https:\/\/bk-site-amp74.top\/az\/e-sports-betting-az\/\" \/>\n<meta property=\"og:locale\" content=\"ru_RU\" \/>\n<meta property=\"og:type\" content=\"article\" \/>\n<meta property=\"og:title\" content=\"BC 1xbet Azerbaijan-da x\u00fcsusi bonusla eSports \u00fczr\u0259 s\u0259rf\u0259li m\u0259rcl\u0259r\" \/>\n<meta property=\"og:description\" content=\"1xbet Azerbaijan-da qeydiyyatdan ke\u00e7in v\u0259 rahat \u015f\u0259raitd\u0259 eSports-a m\u0259rc edin. T\u0259dbirl\u0259rin b\u00f6y\u00fck se\u00e7imi, y\u00fcks\u0259k \u0259msallar, x\u00fcsusi promosyonlar - 1xbet-d\u0259 eSports m\u0259rcl\u0259rinin \u00fcst\u00fcnl\u00fckl\u0259ri\" \/>\n<meta property=\"og:url\" content=\"https:\/\/bk-site-amp74.top\/az\/e-sports-betting-az\/\" \/>\n<meta property=\"og:site_name\" content=\"1xBet \u041e\u0444\u0438\u0446\u0438\u0430\u043b\u044c\u043d\u044b\u0439 C\u0430\u0439\u0442\" \/>\n<script type=\"application\/ld+json\" class=\"yoast-schema-graph\">{\"@context\":\"https:\/\/schema.org\",\"@graph\":[{\"@type\":\"WebPage\",\"@id\":\"https:\/\/bk-site-amp74.top\/az\/e-sports-betting-az\/\",\"url\":\"https:\/\/bk-site-amp74.top\/az\/e-sports-betting-az\/\",\"name\":\"BC 1xbet Azerbaijan-da x\u00fcsusi bonusla eSports \u00fczr\u0259 s\u0259rf\u0259li m\u0259rcl\u0259r\",\"isPartOf\":{\"@id\":\"https:\/\/bk-site-amp74.top\/#website\"},\"datePublished\":\"2026-02-06T13:20:38+00:00\",\"description\":\"1xbet Azerbaijan-da qeydiyyatdan ke\u00e7in v\u0259 rahat \u015f\u0259raitd\u0259 eSports-a m\u0259rc edin. T\u0259dbirl\u0259rin b\u00f6y\u00fck se\u00e7imi, y\u00fcks\u0259k \u0259msallar, x\u00fcsusi promosyonlar - 1xbet-d\u0259 eSports m\u0259rcl\u0259rinin \u00fcst\u00fcnl\u00fckl\u0259ri\",\"breadcrumb\":{\"@id\":\"https:\/\/bk-site-amp74.top\/az\/e-sports-betting-az\/#breadcrumb\"},\"inLanguage\":\"ru-RU\",\"potentialAction\":[{\"@type\":\"ReadAction\",\"target\":[\"https:\/\/bk-site-amp74.top\/az\/e-sports-betting-az\/\"]}]},{\"@type\":\"BreadcrumbList\",\"@id\":\"https:\/\/bk-site-amp74.top\/az\/e-sports-betting-az\/#breadcrumb\",\"itemListElement\":[{\"@type\":\"ListItem\",\"position\":1,\"name\":\"1\u0445\u0431\u0435\u0442\",\"item\":\"https:\/\/bk-site-amp74.top\/\"},{\"@type\":\"ListItem\",\"position\":2,\"name\":\"E-sports betting-az\"}]},{\"@type\":\"WebSite\",\"@id\":\"https:\/\/bk-site-amp74.top\/#website\",\"url\":\"https:\/\/bk-site-amp74.top\/\",\"name\":\"1xbet\",\"description\":\"\",\"alternateName\":\"1\u0445\u0431\u0435\u0442\",\"potentialAction\":[{\"@type\":\"SearchAction\",\"target\":{\"@type\":\"EntryPoint\",\"urlTemplate\":\"https:\/\/bk-site-amp74.top\/?s={search_term_string}\"},\"query-input\":{\"@type\":\"PropertyValueSpecification\",\"valueRequired\":true,\"valueName\":\"search_term_string\"}}],\"inLanguage\":\"ru-RU\"}]}<\/script>\n<!-- \/ Yoast SEO plugin. -->","yoast_head_json":{"title":"BC 1xbet Azerbaijan-da x\u00fcsusi bonusla eSports \u00fczr\u0259 s\u0259rf\u0259li m\u0259rcl\u0259r","description":"1xbet Azerbaijan-da qeydiyyatdan ke\u00e7in v\u0259 rahat \u015f\u0259raitd\u0259 eSports-a m\u0259rc edin. T\u0259dbirl\u0259rin b\u00f6y\u00fck se\u00e7imi, y\u00fcks\u0259k \u0259msallar, x\u00fcsusi promosyonlar - 1xbet-d\u0259 eSports m\u0259rcl\u0259rinin \u00fcst\u00fcnl\u00fckl\u0259ri","robots":{"index":"index","follow":"follow","max-snippet":"max-snippet:-1","max-image-preview":"max-image-preview:large","max-video-preview":"max-video-preview:-1"},"canonical":"https:\/\/bk-site-amp74.top\/az\/e-sports-betting-az\/","og_locale":"ru_RU","og_type":"article","og_title":"BC 1xbet Azerbaijan-da x\u00fcsusi bonusla eSports \u00fczr\u0259 s\u0259rf\u0259li m\u0259rcl\u0259r","og_description":"1xbet Azerbaijan-da qeydiyyatdan ke\u00e7in v\u0259 rahat \u015f\u0259raitd\u0259 eSports-a m\u0259rc edin. T\u0259dbirl\u0259rin b\u00f6y\u00fck se\u00e7imi, y\u00fcks\u0259k \u0259msallar, x\u00fcsusi promosyonlar - 1xbet-d\u0259 eSports m\u0259rcl\u0259rinin \u00fcst\u00fcnl\u00fckl\u0259ri","og_url":"https:\/\/bk-site-amp74.top\/az\/e-sports-betting-az\/","og_site_name":"1xBet \u041e\u0444\u0438\u0446\u0438\u0430\u043b\u044c\u043d\u044b\u0439 C\u0430\u0439\u0442","schema":{"@context":"https:\/\/schema.org","@graph":[{"@type":"WebPage","@id":"https:\/\/bk-site-amp74.top\/az\/e-sports-betting-az\/","url":"https:\/\/bk-site-amp74.top\/az\/e-sports-betting-az\/","name":"BC 1xbet Azerbaijan-da x\u00fcsusi bonusla eSports \u00fczr\u0259 s\u0259rf\u0259li m\u0259rcl\u0259r","isPartOf":{"@id":"https:\/\/bk-site-amp74.top\/#website"},"datePublished":"2026-02-06T13:20:38+00:00","description":"1xbet Azerbaijan-da qeydiyyatdan ke\u00e7in v\u0259 rahat \u015f\u0259raitd\u0259 eSports-a m\u0259rc edin. T\u0259dbirl\u0259rin b\u00f6y\u00fck se\u00e7imi, y\u00fcks\u0259k \u0259msallar, x\u00fcsusi promosyonlar - 1xbet-d\u0259 eSports m\u0259rcl\u0259rinin \u00fcst\u00fcnl\u00fckl\u0259ri","breadcrumb":{"@id":"https:\/\/bk-site-amp74.top\/az\/e-sports-betting-az\/#breadcrumb"},"inLanguage":"ru-RU","potentialAction":[{"@type":"ReadAction","target":["https:\/\/bk-site-amp74.top\/az\/e-sports-betting-az\/"]}]},{"@type":"BreadcrumbList","@id":"https:\/\/bk-site-amp74.top\/az\/e-sports-betting-az\/#breadcrumb","itemListElement":[{"@type":"ListItem","position":1,"name":"1\u0445\u0431\u0435\u0442","item":"https:\/\/bk-site-amp74.top\/"},{"@type":"ListItem","position":2,"name":"E-sports betting-az"}]},{"@type":"WebSite","@id":"https:\/\/bk-site-amp74.top\/#website","url":"https:\/\/bk-site-amp74.top\/","name":"1xbet","description":"","alternateName":"1\u0445\u0431\u0435\u0442","potentialAction":[{"@type":"SearchAction","target":{"@type":"EntryPoint","urlTemplate":"https:\/\/bk-site-amp74.top\/?s={search_term_string}"},"query-input":{"@type":"PropertyValueSpecification","valueRequired":true,"valueName":"search_term_string"}}],"inLanguage":"ru-RU"}]}},"amp_enabled":true,"_links":{"self":[{"href":"https:\/\/bk-site-amp74.top\/wp-json\/wp\/v2\/pages\/2867","targetHints":{"allow":["GET"]}}],"collection":[{"href":"https:\/\/bk-site-amp74.top\/wp-json\/wp\/v2\/pages"}],"about":[{"href":"https:\/\/bk-site-amp74.top\/wp-json\/wp\/v2\/types\/page"}],"author":[{"embeddable":true,"href":"https:\/\/bk-site-amp74.top\/wp-json\/wp\/v2\/users\/1"}],"replies":[{"embeddable":true,"href":"https:\/\/bk-site-amp74.top\/wp-json\/wp\/v2\/comments?post=2867"}],"version-history":[{"count":1,"href":"https:\/\/bk-site-amp74.top\/wp-json\/wp\/v2\/pages\/2867\/revisions"}],"predecessor-version":[{"id":2868,"href":"https:\/\/bk-site-amp74.top\/wp-json\/wp\/v2\/pages\/2867\/revisions\/2868"}],"wp:attachment":[{"href":"https:\/\/bk-site-amp74.top\/wp-json\/wp\/v2\/media?parent=2867"}],"curies":[{"name":"wp","href":"https:\/\/api.w.org\/{rel}","templated":true}]}}