{"id":2879,"date":"2026-02-06T16:01:27","date_gmt":"2026-02-06T14:01:27","guid":{"rendered":"https:\/\/bk-site-amp74.top\/?page_id=2879"},"modified":"2026-02-06T16:01:27","modified_gmt":"2026-02-06T14:01:27","slug":"onlayn-m%c9%99rc","status":"publish","type":"page","link":"https:\/\/bk-site-amp74.top\/az\/onlayn-m%c9%99rc\/","title":{"rendered":"Onlayn m\u0259rc"},"content":{"rendered":"","protected":false},"excerpt":{"rendered":"","protected":false},"author":1,"featured_media":0,"parent":0,"menu_order":0,"comment_status":"closed","ping_status":"closed","template":"home-new.php","meta":{"_acf_changed":false,"footnotes":""},"class_list":["post-2879","page","type-page","status-publish","hentry"],"acf":[],"yoast_head":"<!-- This site is optimized with the Yoast SEO plugin v26.9 - https:\/\/yoast.com\/product\/yoast-seo-wordpress\/ -->\n<title>Onlayn m\u0259rc: idman n\u00f6vl\u0259ri, \u00fcst\u00fcnl\u00fckl\u0259ri<\/title>\n<meta name=\"description\" content=\"Populyar idman hadis\u0259l\u0259ri, y\u00fcks\u0259k \u0259msallar, canl\u0131 v\u0259 oyun \u00f6nc\u0259si onlayn m\u0259rcl\u0259r. Az\u0259rbaycan\u0131n \u0259n yax\u015f\u0131 bukmeker kontorunda onlarla idman n\u00f6v\u00fc \u00fczr\u0259 proqnozlar verin\" \/>\n<meta name=\"robots\" content=\"index, follow, max-snippet:-1, max-image-preview:large, max-video-preview:-1\" \/>\n<link rel=\"canonical\" href=\"https:\/\/bk-site-amp74.top\/az\/onlayn-m\u0259rc\/\" \/>\n<meta property=\"og:locale\" content=\"ru_RU\" \/>\n<meta property=\"og:type\" content=\"article\" \/>\n<meta property=\"og:title\" content=\"Onlayn m\u0259rc: idman n\u00f6vl\u0259ri, \u00fcst\u00fcnl\u00fckl\u0259ri\" \/>\n<meta property=\"og:description\" content=\"Populyar idman hadis\u0259l\u0259ri, y\u00fcks\u0259k \u0259msallar, canl\u0131 v\u0259 oyun \u00f6nc\u0259si onlayn m\u0259rcl\u0259r. Az\u0259rbaycan\u0131n \u0259n yax\u015f\u0131 bukmeker kontorunda onlarla idman n\u00f6v\u00fc \u00fczr\u0259 proqnozlar verin\" \/>\n<meta property=\"og:url\" content=\"https:\/\/bk-site-amp74.top\/az\/onlayn-m\u0259rc\/\" \/>\n<meta property=\"og:site_name\" content=\"1xBet \u041e\u0444\u0438\u0446\u0438\u0430\u043b\u044c\u043d\u044b\u0439 C\u0430\u0439\u0442\" \/>\n<script type=\"application\/ld+json\" class=\"yoast-schema-graph\">{\"@context\":\"https:\/\/schema.org\",\"@graph\":[{\"@type\":\"WebPage\",\"@id\":\"https:\/\/bk-site-amp74.top\/az\/onlayn-m%c9%99rc\/\",\"url\":\"https:\/\/bk-site-amp74.top\/az\/onlayn-m%c9%99rc\/\",\"name\":\"Onlayn m\u0259rc: idman n\u00f6vl\u0259ri, \u00fcst\u00fcnl\u00fckl\u0259ri\",\"isPartOf\":{\"@id\":\"https:\/\/bk-site-amp74.top\/#website\"},\"datePublished\":\"2026-02-06T14:01:27+00:00\",\"description\":\"Populyar idman hadis\u0259l\u0259ri, y\u00fcks\u0259k \u0259msallar, canl\u0131 v\u0259 oyun \u00f6nc\u0259si onlayn m\u0259rcl\u0259r. Az\u0259rbaycan\u0131n \u0259n yax\u015f\u0131 bukmeker kontorunda onlarla idman n\u00f6v\u00fc \u00fczr\u0259 proqnozlar verin\",\"breadcrumb\":{\"@id\":\"https:\/\/bk-site-amp74.top\/az\/onlayn-m%c9%99rc\/#breadcrumb\"},\"inLanguage\":\"ru-RU\",\"potentialAction\":[{\"@type\":\"ReadAction\",\"target\":[\"https:\/\/bk-site-amp74.top\/az\/onlayn-m%c9%99rc\/\"]}]},{\"@type\":\"BreadcrumbList\",\"@id\":\"https:\/\/bk-site-amp74.top\/az\/onlayn-m%c9%99rc\/#breadcrumb\",\"itemListElement\":[{\"@type\":\"ListItem\",\"position\":1,\"name\":\"1\u0445\u0431\u0435\u0442\",\"item\":\"https:\/\/bk-site-amp74.top\/\"},{\"@type\":\"ListItem\",\"position\":2,\"name\":\"Onlayn m\u0259rc\"}]},{\"@type\":\"WebSite\",\"@id\":\"https:\/\/bk-site-amp74.top\/#website\",\"url\":\"https:\/\/bk-site-amp74.top\/\",\"name\":\"1xbet\",\"description\":\"\",\"alternateName\":\"1\u0445\u0431\u0435\u0442\",\"potentialAction\":[{\"@type\":\"SearchAction\",\"target\":{\"@type\":\"EntryPoint\",\"urlTemplate\":\"https:\/\/bk-site-amp74.top\/?s={search_term_string}\"},\"query-input\":{\"@type\":\"PropertyValueSpecification\",\"valueRequired\":true,\"valueName\":\"search_term_string\"}}],\"inLanguage\":\"ru-RU\"}]}<\/script>\n<!-- \/ Yoast SEO plugin. -->","yoast_head_json":{"title":"Onlayn m\u0259rc: idman n\u00f6vl\u0259ri, \u00fcst\u00fcnl\u00fckl\u0259ri","description":"Populyar idman hadis\u0259l\u0259ri, y\u00fcks\u0259k \u0259msallar, canl\u0131 v\u0259 oyun \u00f6nc\u0259si onlayn m\u0259rcl\u0259r. Az\u0259rbaycan\u0131n \u0259n yax\u015f\u0131 bukmeker kontorunda onlarla idman n\u00f6v\u00fc \u00fczr\u0259 proqnozlar verin","robots":{"index":"index","follow":"follow","max-snippet":"max-snippet:-1","max-image-preview":"max-image-preview:large","max-video-preview":"max-video-preview:-1"},"canonical":"https:\/\/bk-site-amp74.top\/az\/onlayn-m\u0259rc\/","og_locale":"ru_RU","og_type":"article","og_title":"Onlayn m\u0259rc: idman n\u00f6vl\u0259ri, \u00fcst\u00fcnl\u00fckl\u0259ri","og_description":"Populyar idman hadis\u0259l\u0259ri, y\u00fcks\u0259k \u0259msallar, canl\u0131 v\u0259 oyun \u00f6nc\u0259si onlayn m\u0259rcl\u0259r. Az\u0259rbaycan\u0131n \u0259n yax\u015f\u0131 bukmeker kontorunda onlarla idman n\u00f6v\u00fc \u00fczr\u0259 proqnozlar verin","og_url":"https:\/\/bk-site-amp74.top\/az\/onlayn-m\u0259rc\/","og_site_name":"1xBet \u041e\u0444\u0438\u0446\u0438\u0430\u043b\u044c\u043d\u044b\u0439 C\u0430\u0439\u0442","schema":{"@context":"https:\/\/schema.org","@graph":[{"@type":"WebPage","@id":"https:\/\/bk-site-amp74.top\/az\/onlayn-m%c9%99rc\/","url":"https:\/\/bk-site-amp74.top\/az\/onlayn-m%c9%99rc\/","name":"Onlayn m\u0259rc: idman n\u00f6vl\u0259ri, \u00fcst\u00fcnl\u00fckl\u0259ri","isPartOf":{"@id":"https:\/\/bk-site-amp74.top\/#website"},"datePublished":"2026-02-06T14:01:27+00:00","description":"Populyar idman hadis\u0259l\u0259ri, y\u00fcks\u0259k \u0259msallar, canl\u0131 v\u0259 oyun \u00f6nc\u0259si onlayn m\u0259rcl\u0259r. Az\u0259rbaycan\u0131n \u0259n yax\u015f\u0131 bukmeker kontorunda onlarla idman n\u00f6v\u00fc \u00fczr\u0259 proqnozlar verin","breadcrumb":{"@id":"https:\/\/bk-site-amp74.top\/az\/onlayn-m%c9%99rc\/#breadcrumb"},"inLanguage":"ru-RU","potentialAction":[{"@type":"ReadAction","target":["https:\/\/bk-site-amp74.top\/az\/onlayn-m%c9%99rc\/"]}]},{"@type":"BreadcrumbList","@id":"https:\/\/bk-site-amp74.top\/az\/onlayn-m%c9%99rc\/#breadcrumb","itemListElement":[{"@type":"ListItem","position":1,"name":"1\u0445\u0431\u0435\u0442","item":"https:\/\/bk-site-amp74.top\/"},{"@type":"ListItem","position":2,"name":"Onlayn m\u0259rc"}]},{"@type":"WebSite","@id":"https:\/\/bk-site-amp74.top\/#website","url":"https:\/\/bk-site-amp74.top\/","name":"1xbet","description":"","alternateName":"1\u0445\u0431\u0435\u0442","potentialAction":[{"@type":"SearchAction","target":{"@type":"EntryPoint","urlTemplate":"https:\/\/bk-site-amp74.top\/?s={search_term_string}"},"query-input":{"@type":"PropertyValueSpecification","valueRequired":true,"valueName":"search_term_string"}}],"inLanguage":"ru-RU"}]}},"amp_enabled":true,"_links":{"self":[{"href":"https:\/\/bk-site-amp74.top\/wp-json\/wp\/v2\/pages\/2879","targetHints":{"allow":["GET"]}}],"collection":[{"href":"https:\/\/bk-site-amp74.top\/wp-json\/wp\/v2\/pages"}],"about":[{"href":"https:\/\/bk-site-amp74.top\/wp-json\/wp\/v2\/types\/page"}],"author":[{"embeddable":true,"href":"https:\/\/bk-site-amp74.top\/wp-json\/wp\/v2\/users\/1"}],"replies":[{"embeddable":true,"href":"https:\/\/bk-site-amp74.top\/wp-json\/wp\/v2\/comments?post=2879"}],"version-history":[{"count":1,"href":"https:\/\/bk-site-amp74.top\/wp-json\/wp\/v2\/pages\/2879\/revisions"}],"predecessor-version":[{"id":2880,"href":"https:\/\/bk-site-amp74.top\/wp-json\/wp\/v2\/pages\/2879\/revisions\/2880"}],"wp:attachment":[{"href":"https:\/\/bk-site-amp74.top\/wp-json\/wp\/v2\/media?parent=2879"}],"curies":[{"name":"wp","href":"https:\/\/api.w.org\/{rel}","templated":true}]}}