{"id":2887,"date":"2026-02-06T16:28:56","date_gmt":"2026-02-06T14:28:56","guid":{"rendered":"https:\/\/bk-site-amp74.top\/?page_id=2887"},"modified":"2026-02-06T16:28:56","modified_gmt":"2026-02-06T14:28:56","slug":"idman-m%c9%99rcl%c9%99ri","status":"publish","type":"page","link":"https:\/\/bk-site-amp74.top\/az\/idman-m%c9%99rcl%c9%99ri\/","title":{"rendered":"\u0130dman m\u0259rcl\u0259ri"},"content":{"rendered":"","protected":false},"excerpt":{"rendered":"","protected":false},"author":1,"featured_media":0,"parent":0,"menu_order":0,"comment_status":"closed","ping_status":"closed","template":"home-new.php","meta":{"_acf_changed":false,"footnotes":""},"class_list":["post-2887","page","type-page","status-publish","hentry"],"acf":[],"yoast_head":"<!-- This site is optimized with the Yoast SEO plugin v26.9 - https:\/\/yoast.com\/product\/yoast-seo-wordpress\/ -->\n<title>\u0130dman m\u0259rcl\u0259ri: x\u00fcsusiyy\u0259tl\u0259ri, n\u00f6vl\u0259ri, \u00fcst\u00fcnl\u00fckl\u0259ri<\/title>\n<meta name=\"description\" content=\"\u0130dmana m\u0259rc edin, y\u00fcks\u0259k \u0259msallarla \u0259n yax\u015f\u0131 idman yar\u0131\u015flar\u0131n\u0131 se\u00e7in, Az\u0259rbaycan\u0131n \u0259n yax\u015f\u0131 bukmeker kontorlar\u0131na etibar edin, el\u0259 indi ba\u015flay\u0131n.\" \/>\n<meta name=\"robots\" content=\"index, follow, max-snippet:-1, max-image-preview:large, max-video-preview:-1\" \/>\n<link rel=\"canonical\" href=\"https:\/\/bk-site-amp74.top\/az\/idman-m\u0259rcl\u0259ri\/\" \/>\n<meta property=\"og:locale\" content=\"ru_RU\" \/>\n<meta property=\"og:type\" content=\"article\" \/>\n<meta property=\"og:title\" content=\"\u0130dman m\u0259rcl\u0259ri: x\u00fcsusiyy\u0259tl\u0259ri, n\u00f6vl\u0259ri, \u00fcst\u00fcnl\u00fckl\u0259ri\" \/>\n<meta property=\"og:description\" content=\"\u0130dmana m\u0259rc edin, y\u00fcks\u0259k \u0259msallarla \u0259n yax\u015f\u0131 idman yar\u0131\u015flar\u0131n\u0131 se\u00e7in, Az\u0259rbaycan\u0131n \u0259n yax\u015f\u0131 bukmeker kontorlar\u0131na etibar edin, el\u0259 indi ba\u015flay\u0131n.\" \/>\n<meta property=\"og:url\" content=\"https:\/\/bk-site-amp74.top\/az\/idman-m\u0259rcl\u0259ri\/\" \/>\n<meta property=\"og:site_name\" content=\"1xBet \u041e\u0444\u0438\u0446\u0438\u0430\u043b\u044c\u043d\u044b\u0439 C\u0430\u0439\u0442\" \/>\n<script type=\"application\/ld+json\" class=\"yoast-schema-graph\">{\"@context\":\"https:\/\/schema.org\",\"@graph\":[{\"@type\":\"WebPage\",\"@id\":\"https:\/\/bk-site-amp74.top\/az\/idman-m%c9%99rcl%c9%99ri\/\",\"url\":\"https:\/\/bk-site-amp74.top\/az\/idman-m%c9%99rcl%c9%99ri\/\",\"name\":\"\u0130dman m\u0259rcl\u0259ri: x\u00fcsusiyy\u0259tl\u0259ri, n\u00f6vl\u0259ri, \u00fcst\u00fcnl\u00fckl\u0259ri\",\"isPartOf\":{\"@id\":\"https:\/\/bk-site-amp74.top\/#website\"},\"datePublished\":\"2026-02-06T14:28:56+00:00\",\"description\":\"\u0130dmana m\u0259rc edin, y\u00fcks\u0259k \u0259msallarla \u0259n yax\u015f\u0131 idman yar\u0131\u015flar\u0131n\u0131 se\u00e7in, Az\u0259rbaycan\u0131n \u0259n yax\u015f\u0131 bukmeker kontorlar\u0131na etibar edin, el\u0259 indi ba\u015flay\u0131n.\",\"breadcrumb\":{\"@id\":\"https:\/\/bk-site-amp74.top\/az\/idman-m%c9%99rcl%c9%99ri\/#breadcrumb\"},\"inLanguage\":\"ru-RU\",\"potentialAction\":[{\"@type\":\"ReadAction\",\"target\":[\"https:\/\/bk-site-amp74.top\/az\/idman-m%c9%99rcl%c9%99ri\/\"]}]},{\"@type\":\"BreadcrumbList\",\"@id\":\"https:\/\/bk-site-amp74.top\/az\/idman-m%c9%99rcl%c9%99ri\/#breadcrumb\",\"itemListElement\":[{\"@type\":\"ListItem\",\"position\":1,\"name\":\"1\u0445\u0431\u0435\u0442\",\"item\":\"https:\/\/bk-site-amp74.top\/\"},{\"@type\":\"ListItem\",\"position\":2,\"name\":\"\u0130dman m\u0259rcl\u0259ri\"}]},{\"@type\":\"WebSite\",\"@id\":\"https:\/\/bk-site-amp74.top\/#website\",\"url\":\"https:\/\/bk-site-amp74.top\/\",\"name\":\"1xbet\",\"description\":\"\",\"alternateName\":\"1\u0445\u0431\u0435\u0442\",\"potentialAction\":[{\"@type\":\"SearchAction\",\"target\":{\"@type\":\"EntryPoint\",\"urlTemplate\":\"https:\/\/bk-site-amp74.top\/?s={search_term_string}\"},\"query-input\":{\"@type\":\"PropertyValueSpecification\",\"valueRequired\":true,\"valueName\":\"search_term_string\"}}],\"inLanguage\":\"ru-RU\"}]}<\/script>\n<!-- \/ Yoast SEO plugin. -->","yoast_head_json":{"title":"\u0130dman m\u0259rcl\u0259ri: x\u00fcsusiyy\u0259tl\u0259ri, n\u00f6vl\u0259ri, \u00fcst\u00fcnl\u00fckl\u0259ri","description":"\u0130dmana m\u0259rc edin, y\u00fcks\u0259k \u0259msallarla \u0259n yax\u015f\u0131 idman yar\u0131\u015flar\u0131n\u0131 se\u00e7in, Az\u0259rbaycan\u0131n \u0259n yax\u015f\u0131 bukmeker kontorlar\u0131na etibar edin, el\u0259 indi ba\u015flay\u0131n.","robots":{"index":"index","follow":"follow","max-snippet":"max-snippet:-1","max-image-preview":"max-image-preview:large","max-video-preview":"max-video-preview:-1"},"canonical":"https:\/\/bk-site-amp74.top\/az\/idman-m\u0259rcl\u0259ri\/","og_locale":"ru_RU","og_type":"article","og_title":"\u0130dman m\u0259rcl\u0259ri: x\u00fcsusiyy\u0259tl\u0259ri, n\u00f6vl\u0259ri, \u00fcst\u00fcnl\u00fckl\u0259ri","og_description":"\u0130dmana m\u0259rc edin, y\u00fcks\u0259k \u0259msallarla \u0259n yax\u015f\u0131 idman yar\u0131\u015flar\u0131n\u0131 se\u00e7in, Az\u0259rbaycan\u0131n \u0259n yax\u015f\u0131 bukmeker kontorlar\u0131na etibar edin, el\u0259 indi ba\u015flay\u0131n.","og_url":"https:\/\/bk-site-amp74.top\/az\/idman-m\u0259rcl\u0259ri\/","og_site_name":"1xBet \u041e\u0444\u0438\u0446\u0438\u0430\u043b\u044c\u043d\u044b\u0439 C\u0430\u0439\u0442","schema":{"@context":"https:\/\/schema.org","@graph":[{"@type":"WebPage","@id":"https:\/\/bk-site-amp74.top\/az\/idman-m%c9%99rcl%c9%99ri\/","url":"https:\/\/bk-site-amp74.top\/az\/idman-m%c9%99rcl%c9%99ri\/","name":"\u0130dman m\u0259rcl\u0259ri: x\u00fcsusiyy\u0259tl\u0259ri, n\u00f6vl\u0259ri, \u00fcst\u00fcnl\u00fckl\u0259ri","isPartOf":{"@id":"https:\/\/bk-site-amp74.top\/#website"},"datePublished":"2026-02-06T14:28:56+00:00","description":"\u0130dmana m\u0259rc edin, y\u00fcks\u0259k \u0259msallarla \u0259n yax\u015f\u0131 idman yar\u0131\u015flar\u0131n\u0131 se\u00e7in, Az\u0259rbaycan\u0131n \u0259n yax\u015f\u0131 bukmeker kontorlar\u0131na etibar edin, el\u0259 indi ba\u015flay\u0131n.","breadcrumb":{"@id":"https:\/\/bk-site-amp74.top\/az\/idman-m%c9%99rcl%c9%99ri\/#breadcrumb"},"inLanguage":"ru-RU","potentialAction":[{"@type":"ReadAction","target":["https:\/\/bk-site-amp74.top\/az\/idman-m%c9%99rcl%c9%99ri\/"]}]},{"@type":"BreadcrumbList","@id":"https:\/\/bk-site-amp74.top\/az\/idman-m%c9%99rcl%c9%99ri\/#breadcrumb","itemListElement":[{"@type":"ListItem","position":1,"name":"1\u0445\u0431\u0435\u0442","item":"https:\/\/bk-site-amp74.top\/"},{"@type":"ListItem","position":2,"name":"\u0130dman m\u0259rcl\u0259ri"}]},{"@type":"WebSite","@id":"https:\/\/bk-site-amp74.top\/#website","url":"https:\/\/bk-site-amp74.top\/","name":"1xbet","description":"","alternateName":"1\u0445\u0431\u0435\u0442","potentialAction":[{"@type":"SearchAction","target":{"@type":"EntryPoint","urlTemplate":"https:\/\/bk-site-amp74.top\/?s={search_term_string}"},"query-input":{"@type":"PropertyValueSpecification","valueRequired":true,"valueName":"search_term_string"}}],"inLanguage":"ru-RU"}]}},"amp_enabled":true,"_links":{"self":[{"href":"https:\/\/bk-site-amp74.top\/wp-json\/wp\/v2\/pages\/2887","targetHints":{"allow":["GET"]}}],"collection":[{"href":"https:\/\/bk-site-amp74.top\/wp-json\/wp\/v2\/pages"}],"about":[{"href":"https:\/\/bk-site-amp74.top\/wp-json\/wp\/v2\/types\/page"}],"author":[{"embeddable":true,"href":"https:\/\/bk-site-amp74.top\/wp-json\/wp\/v2\/users\/1"}],"replies":[{"embeddable":true,"href":"https:\/\/bk-site-amp74.top\/wp-json\/wp\/v2\/comments?post=2887"}],"version-history":[{"count":1,"href":"https:\/\/bk-site-amp74.top\/wp-json\/wp\/v2\/pages\/2887\/revisions"}],"predecessor-version":[{"id":2888,"href":"https:\/\/bk-site-amp74.top\/wp-json\/wp\/v2\/pages\/2887\/revisions\/2888"}],"wp:attachment":[{"href":"https:\/\/bk-site-amp74.top\/wp-json\/wp\/v2\/media?parent=2887"}],"curies":[{"name":"wp","href":"https:\/\/api.w.org\/{rel}","templated":true}]}}