{"id":2889,"date":"2026-02-06T16:35:09","date_gmt":"2026-02-06T14:35:09","guid":{"rendered":"https:\/\/bk-site-amp74.top\/?page_id=2889"},"modified":"2026-02-06T16:35:09","modified_gmt":"2026-02-06T14:35:09","slug":"bookmaker-az","status":"publish","type":"page","link":"https:\/\/bk-site-amp74.top\/az\/bookmaker-az\/","title":{"rendered":"Bookmaker-az"},"content":{"rendered":"","protected":false},"excerpt":{"rendered":"","protected":false},"author":1,"featured_media":0,"parent":0,"menu_order":0,"comment_status":"closed","ping_status":"closed","template":"home-new.php","meta":{"_acf_changed":false,"footnotes":""},"class_list":["post-2889","page","type-page","status-publish","hentry"],"acf":[],"yoast_head":"<!-- This site is optimized with the Yoast SEO plugin v26.9 - https:\/\/yoast.com\/product\/yoast-seo-wordpress\/ -->\n<title>Az\u0259rbaycanda bukmeker kontorlar\u0131: d\u00fczg\u00fcn birini nec\u0259 tapmaq olar<\/title>\n<meta name=\"description\" content=\"Az\u0259rbaycanda bukmeker kontorlar\u0131 n\u0259 t\u0259klif edir: m\u0259rc \u00fc\u00e7\u00fcn populyar idman n\u00f6vl\u0259ri? Az\u0259rbaycanda bukmeker kontorlar\u0131n\u0131n i\u015finin x\u00fcsusiyy\u0259tl\u0259ri. Bahis \u00fc\u00e7\u00fcn d\u00fczg\u00fcn bukmeker kontorunu nec\u0259 se\u00e7m\u0259k olar v\u0259 hans\u0131 platformaya etibar etm\u0259k olar?\" \/>\n<meta name=\"robots\" content=\"index, follow, max-snippet:-1, max-image-preview:large, max-video-preview:-1\" \/>\n<link rel=\"canonical\" href=\"https:\/\/bk-site-amp74.top\/az\/bookmaker-az\/\" \/>\n<meta property=\"og:locale\" content=\"ru_RU\" \/>\n<meta property=\"og:type\" content=\"article\" \/>\n<meta property=\"og:title\" content=\"Az\u0259rbaycanda bukmeker kontorlar\u0131: d\u00fczg\u00fcn birini nec\u0259 tapmaq olar\" \/>\n<meta property=\"og:description\" content=\"Az\u0259rbaycanda bukmeker kontorlar\u0131 n\u0259 t\u0259klif edir: m\u0259rc \u00fc\u00e7\u00fcn populyar idman n\u00f6vl\u0259ri? Az\u0259rbaycanda bukmeker kontorlar\u0131n\u0131n i\u015finin x\u00fcsusiyy\u0259tl\u0259ri. Bahis \u00fc\u00e7\u00fcn d\u00fczg\u00fcn bukmeker kontorunu nec\u0259 se\u00e7m\u0259k olar v\u0259 hans\u0131 platformaya etibar etm\u0259k olar?\" \/>\n<meta property=\"og:url\" content=\"https:\/\/bk-site-amp74.top\/az\/bookmaker-az\/\" \/>\n<meta property=\"og:site_name\" content=\"1xBet \u041e\u0444\u0438\u0446\u0438\u0430\u043b\u044c\u043d\u044b\u0439 C\u0430\u0439\u0442\" \/>\n<script type=\"application\/ld+json\" class=\"yoast-schema-graph\">{\"@context\":\"https:\/\/schema.org\",\"@graph\":[{\"@type\":\"WebPage\",\"@id\":\"https:\/\/bk-site-amp74.top\/az\/bookmaker-az\/\",\"url\":\"https:\/\/bk-site-amp74.top\/az\/bookmaker-az\/\",\"name\":\"Az\u0259rbaycanda bukmeker kontorlar\u0131: d\u00fczg\u00fcn birini nec\u0259 tapmaq olar\",\"isPartOf\":{\"@id\":\"https:\/\/bk-site-amp74.top\/#website\"},\"datePublished\":\"2026-02-06T14:35:09+00:00\",\"description\":\"Az\u0259rbaycanda bukmeker kontorlar\u0131 n\u0259 t\u0259klif edir: m\u0259rc \u00fc\u00e7\u00fcn populyar idman n\u00f6vl\u0259ri? Az\u0259rbaycanda bukmeker kontorlar\u0131n\u0131n i\u015finin x\u00fcsusiyy\u0259tl\u0259ri. Bahis \u00fc\u00e7\u00fcn d\u00fczg\u00fcn bukmeker kontorunu nec\u0259 se\u00e7m\u0259k olar v\u0259 hans\u0131 platformaya etibar etm\u0259k olar?\",\"breadcrumb\":{\"@id\":\"https:\/\/bk-site-amp74.top\/az\/bookmaker-az\/#breadcrumb\"},\"inLanguage\":\"ru-RU\",\"potentialAction\":[{\"@type\":\"ReadAction\",\"target\":[\"https:\/\/bk-site-amp74.top\/az\/bookmaker-az\/\"]}]},{\"@type\":\"BreadcrumbList\",\"@id\":\"https:\/\/bk-site-amp74.top\/az\/bookmaker-az\/#breadcrumb\",\"itemListElement\":[{\"@type\":\"ListItem\",\"position\":1,\"name\":\"1\u0445\u0431\u0435\u0442\",\"item\":\"https:\/\/bk-site-amp74.top\/\"},{\"@type\":\"ListItem\",\"position\":2,\"name\":\"Bookmaker-az\"}]},{\"@type\":\"WebSite\",\"@id\":\"https:\/\/bk-site-amp74.top\/#website\",\"url\":\"https:\/\/bk-site-amp74.top\/\",\"name\":\"1xbet\",\"description\":\"\",\"alternateName\":\"1\u0445\u0431\u0435\u0442\",\"potentialAction\":[{\"@type\":\"SearchAction\",\"target\":{\"@type\":\"EntryPoint\",\"urlTemplate\":\"https:\/\/bk-site-amp74.top\/?s={search_term_string}\"},\"query-input\":{\"@type\":\"PropertyValueSpecification\",\"valueRequired\":true,\"valueName\":\"search_term_string\"}}],\"inLanguage\":\"ru-RU\"}]}<\/script>\n<!-- \/ Yoast SEO plugin. -->","yoast_head_json":{"title":"Az\u0259rbaycanda bukmeker kontorlar\u0131: d\u00fczg\u00fcn birini nec\u0259 tapmaq olar","description":"Az\u0259rbaycanda bukmeker kontorlar\u0131 n\u0259 t\u0259klif edir: m\u0259rc \u00fc\u00e7\u00fcn populyar idman n\u00f6vl\u0259ri? Az\u0259rbaycanda bukmeker kontorlar\u0131n\u0131n i\u015finin x\u00fcsusiyy\u0259tl\u0259ri. Bahis \u00fc\u00e7\u00fcn d\u00fczg\u00fcn bukmeker kontorunu nec\u0259 se\u00e7m\u0259k olar v\u0259 hans\u0131 platformaya etibar etm\u0259k olar?","robots":{"index":"index","follow":"follow","max-snippet":"max-snippet:-1","max-image-preview":"max-image-preview:large","max-video-preview":"max-video-preview:-1"},"canonical":"https:\/\/bk-site-amp74.top\/az\/bookmaker-az\/","og_locale":"ru_RU","og_type":"article","og_title":"Az\u0259rbaycanda bukmeker kontorlar\u0131: d\u00fczg\u00fcn birini nec\u0259 tapmaq olar","og_description":"Az\u0259rbaycanda bukmeker kontorlar\u0131 n\u0259 t\u0259klif edir: m\u0259rc \u00fc\u00e7\u00fcn populyar idman n\u00f6vl\u0259ri? Az\u0259rbaycanda bukmeker kontorlar\u0131n\u0131n i\u015finin x\u00fcsusiyy\u0259tl\u0259ri. Bahis \u00fc\u00e7\u00fcn d\u00fczg\u00fcn bukmeker kontorunu nec\u0259 se\u00e7m\u0259k olar v\u0259 hans\u0131 platformaya etibar etm\u0259k olar?","og_url":"https:\/\/bk-site-amp74.top\/az\/bookmaker-az\/","og_site_name":"1xBet \u041e\u0444\u0438\u0446\u0438\u0430\u043b\u044c\u043d\u044b\u0439 C\u0430\u0439\u0442","schema":{"@context":"https:\/\/schema.org","@graph":[{"@type":"WebPage","@id":"https:\/\/bk-site-amp74.top\/az\/bookmaker-az\/","url":"https:\/\/bk-site-amp74.top\/az\/bookmaker-az\/","name":"Az\u0259rbaycanda bukmeker kontorlar\u0131: d\u00fczg\u00fcn birini nec\u0259 tapmaq olar","isPartOf":{"@id":"https:\/\/bk-site-amp74.top\/#website"},"datePublished":"2026-02-06T14:35:09+00:00","description":"Az\u0259rbaycanda bukmeker kontorlar\u0131 n\u0259 t\u0259klif edir: m\u0259rc \u00fc\u00e7\u00fcn populyar idman n\u00f6vl\u0259ri? Az\u0259rbaycanda bukmeker kontorlar\u0131n\u0131n i\u015finin x\u00fcsusiyy\u0259tl\u0259ri. Bahis \u00fc\u00e7\u00fcn d\u00fczg\u00fcn bukmeker kontorunu nec\u0259 se\u00e7m\u0259k olar v\u0259 hans\u0131 platformaya etibar etm\u0259k olar?","breadcrumb":{"@id":"https:\/\/bk-site-amp74.top\/az\/bookmaker-az\/#breadcrumb"},"inLanguage":"ru-RU","potentialAction":[{"@type":"ReadAction","target":["https:\/\/bk-site-amp74.top\/az\/bookmaker-az\/"]}]},{"@type":"BreadcrumbList","@id":"https:\/\/bk-site-amp74.top\/az\/bookmaker-az\/#breadcrumb","itemListElement":[{"@type":"ListItem","position":1,"name":"1\u0445\u0431\u0435\u0442","item":"https:\/\/bk-site-amp74.top\/"},{"@type":"ListItem","position":2,"name":"Bookmaker-az"}]},{"@type":"WebSite","@id":"https:\/\/bk-site-amp74.top\/#website","url":"https:\/\/bk-site-amp74.top\/","name":"1xbet","description":"","alternateName":"1\u0445\u0431\u0435\u0442","potentialAction":[{"@type":"SearchAction","target":{"@type":"EntryPoint","urlTemplate":"https:\/\/bk-site-amp74.top\/?s={search_term_string}"},"query-input":{"@type":"PropertyValueSpecification","valueRequired":true,"valueName":"search_term_string"}}],"inLanguage":"ru-RU"}]}},"amp_enabled":true,"_links":{"self":[{"href":"https:\/\/bk-site-amp74.top\/wp-json\/wp\/v2\/pages\/2889","targetHints":{"allow":["GET"]}}],"collection":[{"href":"https:\/\/bk-site-amp74.top\/wp-json\/wp\/v2\/pages"}],"about":[{"href":"https:\/\/bk-site-amp74.top\/wp-json\/wp\/v2\/types\/page"}],"author":[{"embeddable":true,"href":"https:\/\/bk-site-amp74.top\/wp-json\/wp\/v2\/users\/1"}],"replies":[{"embeddable":true,"href":"https:\/\/bk-site-amp74.top\/wp-json\/wp\/v2\/comments?post=2889"}],"version-history":[{"count":1,"href":"https:\/\/bk-site-amp74.top\/wp-json\/wp\/v2\/pages\/2889\/revisions"}],"predecessor-version":[{"id":2890,"href":"https:\/\/bk-site-amp74.top\/wp-json\/wp\/v2\/pages\/2889\/revisions\/2890"}],"wp:attachment":[{"href":"https:\/\/bk-site-amp74.top\/wp-json\/wp\/v2\/media?parent=2889"}],"curies":[{"name":"wp","href":"https:\/\/api.w.org\/{rel}","templated":true}]}}