{"id":2895,"date":"2026-02-06T16:48:48","date_gmt":"2026-02-06T14:48:48","guid":{"rendered":"https:\/\/bk-site-amp74.top\/?page_id=2895"},"modified":"2026-02-06T16:48:48","modified_gmt":"2026-02-06T14:48:48","slug":"no-deposit-bonus-az","status":"publish","type":"page","link":"https:\/\/bk-site-amp74.top\/az\/no-deposit-bonus-az\/","title":{"rendered":"No deposit bonus-az"},"content":{"rendered":"","protected":false},"excerpt":{"rendered":"","protected":false},"author":1,"featured_media":0,"parent":0,"menu_order":0,"comment_status":"closed","ping_status":"closed","template":"home-new.php","meta":{"_acf_changed":false,"footnotes":""},"class_list":["post-2895","page","type-page","status-publish","hentry"],"acf":[],"yoast_head":"<!-- This site is optimized with the Yoast SEO plugin v26.9 - https:\/\/yoast.com\/product\/yoast-seo-wordpress\/ -->\n<title>Depozit bonuslar\u0131 yoxdur 1xbet | Qeydiyyat \u00fc\u00e7\u00fcn depozit olmadan bonuslar al\u0131n<\/title>\n<meta name=\"description\" content=\"BC 1xbet-d\u0259n depozitsiz bonus \u0259ld\u0259 edin, onu geri qazan\u0131n v\u0259 s\u0259rf\u0259li \u015f\u0259rtl\u0259rl\u0259 udu\u015flar\u0131n\u0131z\u0131 g\u00f6t\u00fcr\u00fcn. \u018fn yax\u015f\u0131 \u0259msallarla idmana m\u0259rc etm\u0259k \u00fc\u00e7\u00fcn he\u00e7 bir depozitd\u0259n istifad\u0259 edin!\" \/>\n<meta name=\"robots\" content=\"index, follow, max-snippet:-1, max-image-preview:large, max-video-preview:-1\" \/>\n<link rel=\"canonical\" href=\"https:\/\/bk-site-amp74.top\/az\/no-deposit-bonus-az\/\" \/>\n<meta property=\"og:locale\" content=\"ru_RU\" \/>\n<meta property=\"og:type\" content=\"article\" \/>\n<meta property=\"og:title\" content=\"Depozit bonuslar\u0131 yoxdur 1xbet | Qeydiyyat \u00fc\u00e7\u00fcn depozit olmadan bonuslar al\u0131n\" \/>\n<meta property=\"og:description\" content=\"BC 1xbet-d\u0259n depozitsiz bonus \u0259ld\u0259 edin, onu geri qazan\u0131n v\u0259 s\u0259rf\u0259li \u015f\u0259rtl\u0259rl\u0259 udu\u015flar\u0131n\u0131z\u0131 g\u00f6t\u00fcr\u00fcn. \u018fn yax\u015f\u0131 \u0259msallarla idmana m\u0259rc etm\u0259k \u00fc\u00e7\u00fcn he\u00e7 bir depozitd\u0259n istifad\u0259 edin!\" \/>\n<meta property=\"og:url\" content=\"https:\/\/bk-site-amp74.top\/az\/no-deposit-bonus-az\/\" \/>\n<meta property=\"og:site_name\" content=\"1xBet \u041e\u0444\u0438\u0446\u0438\u0430\u043b\u044c\u043d\u044b\u0439 C\u0430\u0439\u0442\" \/>\n<script type=\"application\/ld+json\" class=\"yoast-schema-graph\">{\"@context\":\"https:\/\/schema.org\",\"@graph\":[{\"@type\":\"WebPage\",\"@id\":\"https:\/\/bk-site-amp74.top\/az\/no-deposit-bonus-az\/\",\"url\":\"https:\/\/bk-site-amp74.top\/az\/no-deposit-bonus-az\/\",\"name\":\"Depozit bonuslar\u0131 yoxdur 1xbet | Qeydiyyat \u00fc\u00e7\u00fcn depozit olmadan bonuslar al\u0131n\",\"isPartOf\":{\"@id\":\"https:\/\/bk-site-amp74.top\/#website\"},\"datePublished\":\"2026-02-06T14:48:48+00:00\",\"description\":\"BC 1xbet-d\u0259n depozitsiz bonus \u0259ld\u0259 edin, onu geri qazan\u0131n v\u0259 s\u0259rf\u0259li \u015f\u0259rtl\u0259rl\u0259 udu\u015flar\u0131n\u0131z\u0131 g\u00f6t\u00fcr\u00fcn. \u018fn yax\u015f\u0131 \u0259msallarla idmana m\u0259rc etm\u0259k \u00fc\u00e7\u00fcn he\u00e7 bir depozitd\u0259n istifad\u0259 edin!\",\"breadcrumb\":{\"@id\":\"https:\/\/bk-site-amp74.top\/az\/no-deposit-bonus-az\/#breadcrumb\"},\"inLanguage\":\"ru-RU\",\"potentialAction\":[{\"@type\":\"ReadAction\",\"target\":[\"https:\/\/bk-site-amp74.top\/az\/no-deposit-bonus-az\/\"]}]},{\"@type\":\"BreadcrumbList\",\"@id\":\"https:\/\/bk-site-amp74.top\/az\/no-deposit-bonus-az\/#breadcrumb\",\"itemListElement\":[{\"@type\":\"ListItem\",\"position\":1,\"name\":\"1\u0445\u0431\u0435\u0442\",\"item\":\"https:\/\/bk-site-amp74.top\/\"},{\"@type\":\"ListItem\",\"position\":2,\"name\":\"No deposit bonus-az\"}]},{\"@type\":\"WebSite\",\"@id\":\"https:\/\/bk-site-amp74.top\/#website\",\"url\":\"https:\/\/bk-site-amp74.top\/\",\"name\":\"1xbet\",\"description\":\"\",\"alternateName\":\"1\u0445\u0431\u0435\u0442\",\"potentialAction\":[{\"@type\":\"SearchAction\",\"target\":{\"@type\":\"EntryPoint\",\"urlTemplate\":\"https:\/\/bk-site-amp74.top\/?s={search_term_string}\"},\"query-input\":{\"@type\":\"PropertyValueSpecification\",\"valueRequired\":true,\"valueName\":\"search_term_string\"}}],\"inLanguage\":\"ru-RU\"}]}<\/script>\n<!-- \/ Yoast SEO plugin. -->","yoast_head_json":{"title":"Depozit bonuslar\u0131 yoxdur 1xbet | Qeydiyyat \u00fc\u00e7\u00fcn depozit olmadan bonuslar al\u0131n","description":"BC 1xbet-d\u0259n depozitsiz bonus \u0259ld\u0259 edin, onu geri qazan\u0131n v\u0259 s\u0259rf\u0259li \u015f\u0259rtl\u0259rl\u0259 udu\u015flar\u0131n\u0131z\u0131 g\u00f6t\u00fcr\u00fcn. \u018fn yax\u015f\u0131 \u0259msallarla idmana m\u0259rc etm\u0259k \u00fc\u00e7\u00fcn he\u00e7 bir depozitd\u0259n istifad\u0259 edin!","robots":{"index":"index","follow":"follow","max-snippet":"max-snippet:-1","max-image-preview":"max-image-preview:large","max-video-preview":"max-video-preview:-1"},"canonical":"https:\/\/bk-site-amp74.top\/az\/no-deposit-bonus-az\/","og_locale":"ru_RU","og_type":"article","og_title":"Depozit bonuslar\u0131 yoxdur 1xbet | Qeydiyyat \u00fc\u00e7\u00fcn depozit olmadan bonuslar al\u0131n","og_description":"BC 1xbet-d\u0259n depozitsiz bonus \u0259ld\u0259 edin, onu geri qazan\u0131n v\u0259 s\u0259rf\u0259li \u015f\u0259rtl\u0259rl\u0259 udu\u015flar\u0131n\u0131z\u0131 g\u00f6t\u00fcr\u00fcn. \u018fn yax\u015f\u0131 \u0259msallarla idmana m\u0259rc etm\u0259k \u00fc\u00e7\u00fcn he\u00e7 bir depozitd\u0259n istifad\u0259 edin!","og_url":"https:\/\/bk-site-amp74.top\/az\/no-deposit-bonus-az\/","og_site_name":"1xBet \u041e\u0444\u0438\u0446\u0438\u0430\u043b\u044c\u043d\u044b\u0439 C\u0430\u0439\u0442","schema":{"@context":"https:\/\/schema.org","@graph":[{"@type":"WebPage","@id":"https:\/\/bk-site-amp74.top\/az\/no-deposit-bonus-az\/","url":"https:\/\/bk-site-amp74.top\/az\/no-deposit-bonus-az\/","name":"Depozit bonuslar\u0131 yoxdur 1xbet | Qeydiyyat \u00fc\u00e7\u00fcn depozit olmadan bonuslar al\u0131n","isPartOf":{"@id":"https:\/\/bk-site-amp74.top\/#website"},"datePublished":"2026-02-06T14:48:48+00:00","description":"BC 1xbet-d\u0259n depozitsiz bonus \u0259ld\u0259 edin, onu geri qazan\u0131n v\u0259 s\u0259rf\u0259li \u015f\u0259rtl\u0259rl\u0259 udu\u015flar\u0131n\u0131z\u0131 g\u00f6t\u00fcr\u00fcn. \u018fn yax\u015f\u0131 \u0259msallarla idmana m\u0259rc etm\u0259k \u00fc\u00e7\u00fcn he\u00e7 bir depozitd\u0259n istifad\u0259 edin!","breadcrumb":{"@id":"https:\/\/bk-site-amp74.top\/az\/no-deposit-bonus-az\/#breadcrumb"},"inLanguage":"ru-RU","potentialAction":[{"@type":"ReadAction","target":["https:\/\/bk-site-amp74.top\/az\/no-deposit-bonus-az\/"]}]},{"@type":"BreadcrumbList","@id":"https:\/\/bk-site-amp74.top\/az\/no-deposit-bonus-az\/#breadcrumb","itemListElement":[{"@type":"ListItem","position":1,"name":"1\u0445\u0431\u0435\u0442","item":"https:\/\/bk-site-amp74.top\/"},{"@type":"ListItem","position":2,"name":"No deposit bonus-az"}]},{"@type":"WebSite","@id":"https:\/\/bk-site-amp74.top\/#website","url":"https:\/\/bk-site-amp74.top\/","name":"1xbet","description":"","alternateName":"1\u0445\u0431\u0435\u0442","potentialAction":[{"@type":"SearchAction","target":{"@type":"EntryPoint","urlTemplate":"https:\/\/bk-site-amp74.top\/?s={search_term_string}"},"query-input":{"@type":"PropertyValueSpecification","valueRequired":true,"valueName":"search_term_string"}}],"inLanguage":"ru-RU"}]}},"amp_enabled":true,"_links":{"self":[{"href":"https:\/\/bk-site-amp74.top\/wp-json\/wp\/v2\/pages\/2895","targetHints":{"allow":["GET"]}}],"collection":[{"href":"https:\/\/bk-site-amp74.top\/wp-json\/wp\/v2\/pages"}],"about":[{"href":"https:\/\/bk-site-amp74.top\/wp-json\/wp\/v2\/types\/page"}],"author":[{"embeddable":true,"href":"https:\/\/bk-site-amp74.top\/wp-json\/wp\/v2\/users\/1"}],"replies":[{"embeddable":true,"href":"https:\/\/bk-site-amp74.top\/wp-json\/wp\/v2\/comments?post=2895"}],"version-history":[{"count":1,"href":"https:\/\/bk-site-amp74.top\/wp-json\/wp\/v2\/pages\/2895\/revisions"}],"predecessor-version":[{"id":2896,"href":"https:\/\/bk-site-amp74.top\/wp-json\/wp\/v2\/pages\/2895\/revisions\/2896"}],"wp:attachment":[{"href":"https:\/\/bk-site-amp74.top\/wp-json\/wp\/v2\/media?parent=2895"}],"curies":[{"name":"wp","href":"https:\/\/api.w.org\/{rel}","templated":true}]}}