{"id":2899,"date":"2026-02-06T16:56:32","date_gmt":"2026-02-06T14:56:32","guid":{"rendered":"https:\/\/bk-site-amp74.top\/?page_id=2899"},"modified":"2026-02-06T16:56:32","modified_gmt":"2026-02-06T14:56:32","slug":"bonuses-bc-az","status":"publish","type":"page","link":"https:\/\/bk-site-amp74.top\/az\/bonuses-bc-az\/","title":{"rendered":"Bonuses BC-az"},"content":{"rendered":"","protected":false},"excerpt":{"rendered":"","protected":false},"author":1,"featured_media":0,"parent":0,"menu_order":0,"comment_status":"closed","ping_status":"closed","template":"home-new.php","meta":{"_acf_changed":false,"footnotes":""},"class_list":["post-2899","page","type-page","status-publish","hentry"],"acf":[],"yoast_head":"<!-- This site is optimized with the Yoast SEO plugin v26.9 - https:\/\/yoast.com\/product\/yoast-seo-wordpress\/ -->\n<title>BC 1xBet Az\u0259rbaycan bonuslar\u0131<\/title>\n<meta name=\"description\" content=\"1xbet Az\u0259rbaycan bukmeker kontorunun bonus sistemi. Xo\u015f g\u0259lmisiniz t\u0259klifi v\u0259 dig\u0259r depozit v\u0259 depozit bonuslar\u0131 yoxdur. Pulsuz m\u0259rcl\u0259r. Bonuslar\u0131 almaq v\u0259 m\u0259rc etm\u0259k \u00fc\u00e7\u00fcn hans\u0131 \u015f\u0259rtl\u0259r var?\" \/>\n<meta name=\"robots\" content=\"index, follow, max-snippet:-1, max-image-preview:large, max-video-preview:-1\" \/>\n<link rel=\"canonical\" href=\"https:\/\/bk-site-amp74.top\/az\/bonuses-bc-az\/\" \/>\n<meta property=\"og:locale\" content=\"ru_RU\" \/>\n<meta property=\"og:type\" content=\"article\" \/>\n<meta property=\"og:title\" content=\"BC 1xBet Az\u0259rbaycan bonuslar\u0131\" \/>\n<meta property=\"og:description\" content=\"1xbet Az\u0259rbaycan bukmeker kontorunun bonus sistemi. Xo\u015f g\u0259lmisiniz t\u0259klifi v\u0259 dig\u0259r depozit v\u0259 depozit bonuslar\u0131 yoxdur. Pulsuz m\u0259rcl\u0259r. Bonuslar\u0131 almaq v\u0259 m\u0259rc etm\u0259k \u00fc\u00e7\u00fcn hans\u0131 \u015f\u0259rtl\u0259r var?\" \/>\n<meta property=\"og:url\" content=\"https:\/\/bk-site-amp74.top\/az\/bonuses-bc-az\/\" \/>\n<meta property=\"og:site_name\" content=\"1xBet \u041e\u0444\u0438\u0446\u0438\u0430\u043b\u044c\u043d\u044b\u0439 C\u0430\u0439\u0442\" \/>\n<script type=\"application\/ld+json\" class=\"yoast-schema-graph\">{\"@context\":\"https:\/\/schema.org\",\"@graph\":[{\"@type\":\"WebPage\",\"@id\":\"https:\/\/bk-site-amp74.top\/az\/bonuses-bc-az\/\",\"url\":\"https:\/\/bk-site-amp74.top\/az\/bonuses-bc-az\/\",\"name\":\"BC 1xBet Az\u0259rbaycan bonuslar\u0131\",\"isPartOf\":{\"@id\":\"https:\/\/bk-site-amp74.top\/#website\"},\"datePublished\":\"2026-02-06T14:56:32+00:00\",\"description\":\"1xbet Az\u0259rbaycan bukmeker kontorunun bonus sistemi. Xo\u015f g\u0259lmisiniz t\u0259klifi v\u0259 dig\u0259r depozit v\u0259 depozit bonuslar\u0131 yoxdur. Pulsuz m\u0259rcl\u0259r. Bonuslar\u0131 almaq v\u0259 m\u0259rc etm\u0259k \u00fc\u00e7\u00fcn hans\u0131 \u015f\u0259rtl\u0259r var?\",\"breadcrumb\":{\"@id\":\"https:\/\/bk-site-amp74.top\/az\/bonuses-bc-az\/#breadcrumb\"},\"inLanguage\":\"ru-RU\",\"potentialAction\":[{\"@type\":\"ReadAction\",\"target\":[\"https:\/\/bk-site-amp74.top\/az\/bonuses-bc-az\/\"]}]},{\"@type\":\"BreadcrumbList\",\"@id\":\"https:\/\/bk-site-amp74.top\/az\/bonuses-bc-az\/#breadcrumb\",\"itemListElement\":[{\"@type\":\"ListItem\",\"position\":1,\"name\":\"1\u0445\u0431\u0435\u0442\",\"item\":\"https:\/\/bk-site-amp74.top\/\"},{\"@type\":\"ListItem\",\"position\":2,\"name\":\"Bonuses BC-az\"}]},{\"@type\":\"WebSite\",\"@id\":\"https:\/\/bk-site-amp74.top\/#website\",\"url\":\"https:\/\/bk-site-amp74.top\/\",\"name\":\"1xbet\",\"description\":\"\",\"alternateName\":\"1\u0445\u0431\u0435\u0442\",\"potentialAction\":[{\"@type\":\"SearchAction\",\"target\":{\"@type\":\"EntryPoint\",\"urlTemplate\":\"https:\/\/bk-site-amp74.top\/?s={search_term_string}\"},\"query-input\":{\"@type\":\"PropertyValueSpecification\",\"valueRequired\":true,\"valueName\":\"search_term_string\"}}],\"inLanguage\":\"ru-RU\"}]}<\/script>\n<!-- \/ Yoast SEO plugin. -->","yoast_head_json":{"title":"BC 1xBet Az\u0259rbaycan bonuslar\u0131","description":"1xbet Az\u0259rbaycan bukmeker kontorunun bonus sistemi. Xo\u015f g\u0259lmisiniz t\u0259klifi v\u0259 dig\u0259r depozit v\u0259 depozit bonuslar\u0131 yoxdur. Pulsuz m\u0259rcl\u0259r. Bonuslar\u0131 almaq v\u0259 m\u0259rc etm\u0259k \u00fc\u00e7\u00fcn hans\u0131 \u015f\u0259rtl\u0259r var?","robots":{"index":"index","follow":"follow","max-snippet":"max-snippet:-1","max-image-preview":"max-image-preview:large","max-video-preview":"max-video-preview:-1"},"canonical":"https:\/\/bk-site-amp74.top\/az\/bonuses-bc-az\/","og_locale":"ru_RU","og_type":"article","og_title":"BC 1xBet Az\u0259rbaycan bonuslar\u0131","og_description":"1xbet Az\u0259rbaycan bukmeker kontorunun bonus sistemi. Xo\u015f g\u0259lmisiniz t\u0259klifi v\u0259 dig\u0259r depozit v\u0259 depozit bonuslar\u0131 yoxdur. Pulsuz m\u0259rcl\u0259r. Bonuslar\u0131 almaq v\u0259 m\u0259rc etm\u0259k \u00fc\u00e7\u00fcn hans\u0131 \u015f\u0259rtl\u0259r var?","og_url":"https:\/\/bk-site-amp74.top\/az\/bonuses-bc-az\/","og_site_name":"1xBet \u041e\u0444\u0438\u0446\u0438\u0430\u043b\u044c\u043d\u044b\u0439 C\u0430\u0439\u0442","schema":{"@context":"https:\/\/schema.org","@graph":[{"@type":"WebPage","@id":"https:\/\/bk-site-amp74.top\/az\/bonuses-bc-az\/","url":"https:\/\/bk-site-amp74.top\/az\/bonuses-bc-az\/","name":"BC 1xBet Az\u0259rbaycan bonuslar\u0131","isPartOf":{"@id":"https:\/\/bk-site-amp74.top\/#website"},"datePublished":"2026-02-06T14:56:32+00:00","description":"1xbet Az\u0259rbaycan bukmeker kontorunun bonus sistemi. Xo\u015f g\u0259lmisiniz t\u0259klifi v\u0259 dig\u0259r depozit v\u0259 depozit bonuslar\u0131 yoxdur. Pulsuz m\u0259rcl\u0259r. Bonuslar\u0131 almaq v\u0259 m\u0259rc etm\u0259k \u00fc\u00e7\u00fcn hans\u0131 \u015f\u0259rtl\u0259r var?","breadcrumb":{"@id":"https:\/\/bk-site-amp74.top\/az\/bonuses-bc-az\/#breadcrumb"},"inLanguage":"ru-RU","potentialAction":[{"@type":"ReadAction","target":["https:\/\/bk-site-amp74.top\/az\/bonuses-bc-az\/"]}]},{"@type":"BreadcrumbList","@id":"https:\/\/bk-site-amp74.top\/az\/bonuses-bc-az\/#breadcrumb","itemListElement":[{"@type":"ListItem","position":1,"name":"1\u0445\u0431\u0435\u0442","item":"https:\/\/bk-site-amp74.top\/"},{"@type":"ListItem","position":2,"name":"Bonuses BC-az"}]},{"@type":"WebSite","@id":"https:\/\/bk-site-amp74.top\/#website","url":"https:\/\/bk-site-amp74.top\/","name":"1xbet","description":"","alternateName":"1\u0445\u0431\u0435\u0442","potentialAction":[{"@type":"SearchAction","target":{"@type":"EntryPoint","urlTemplate":"https:\/\/bk-site-amp74.top\/?s={search_term_string}"},"query-input":{"@type":"PropertyValueSpecification","valueRequired":true,"valueName":"search_term_string"}}],"inLanguage":"ru-RU"}]}},"amp_enabled":true,"_links":{"self":[{"href":"https:\/\/bk-site-amp74.top\/wp-json\/wp\/v2\/pages\/2899","targetHints":{"allow":["GET"]}}],"collection":[{"href":"https:\/\/bk-site-amp74.top\/wp-json\/wp\/v2\/pages"}],"about":[{"href":"https:\/\/bk-site-amp74.top\/wp-json\/wp\/v2\/types\/page"}],"author":[{"embeddable":true,"href":"https:\/\/bk-site-amp74.top\/wp-json\/wp\/v2\/users\/1"}],"replies":[{"embeddable":true,"href":"https:\/\/bk-site-amp74.top\/wp-json\/wp\/v2\/comments?post=2899"}],"version-history":[{"count":1,"href":"https:\/\/bk-site-amp74.top\/wp-json\/wp\/v2\/pages\/2899\/revisions"}],"predecessor-version":[{"id":2900,"href":"https:\/\/bk-site-amp74.top\/wp-json\/wp\/v2\/pages\/2899\/revisions\/2900"}],"wp:attachment":[{"href":"https:\/\/bk-site-amp74.top\/wp-json\/wp\/v2\/media?parent=2899"}],"curies":[{"name":"wp","href":"https:\/\/api.w.org\/{rel}","templated":true}]}}