{"id":2901,"date":"2026-02-06T17:01:36","date_gmt":"2026-02-06T15:01:36","guid":{"rendered":"https:\/\/bk-site-amp74.top\/?page_id=2901"},"modified":"2026-02-06T17:01:36","modified_gmt":"2026-02-06T15:01:36","slug":"about-us-az","status":"publish","type":"page","link":"https:\/\/bk-site-amp74.top\/az\/about-us-az\/","title":{"rendered":"about Us-az"},"content":{"rendered":"<h1>Qumar v\u0259 Bahis D\u00fcnyas\u0131nda B\u0259l\u0259d\u00e7iniz<\/h1>\n<h2>Giri\u015f<\/h2>\n<p>1xBet 2007-ci ild\u0259n f\u0259aliyy\u0259t g\u00f6st\u0259r\u0259n d\u00fcnyaca m\u0259\u015fhur qumar v\u0259 m\u0259rc oyun platformas\u0131d\u0131r. Bu \u015firk\u0259t qumar h\u0259v\u0259skarlar\u0131 \u00fc\u00e7\u00fcn geni\u015f se\u00e7im t\u0259klif edir.<\/p>\n<h2>Tarixi kontekst<\/h2>\n<p>Rusiyada f\u0259aliyy\u0259t\u0259 ba\u015flayan 1xBet ki\u00e7ik bukmeker kontorundan qlobal qumar xidm\u0259tl\u0259ri provayderin\u0259 \u00e7evril\u0259 bildi. Bu g\u00fcn onun veb platformas\u0131 bir \u00e7ox dill\u0259ri d\u0259st\u0259kl\u0259yir v\u0259 m\u00fcxt\u0259lif \u00f6lk\u0259l\u0259rd\u0259 xidm\u0259tl\u0259r t\u0259klif edir.<\/p>\n<h2>F\u0259rqli X\u00fcsusiyy\u0259tl\u0259r<\/h2>\n<p>Geni\u015f m\u0259rc se\u00e7iml\u0259ri: Futboldan tutmu\u015f idmana q\u0259d\u0259r 1xBet-d\u0259 h\u0259r k\u0259s \u00fc\u00e7\u00fcn n\u0259s\u0259 var.<\/p>\n<p>\u00c7oxdilli D\u0259st\u0259k: Xidm\u0259t maksimum rahatl\u0131q \u00fc\u00e7\u00fcn m\u00fcxt\u0259lif dill\u0259rd\u0259 m\u00f6vcuddur.<\/p>\n<p>\u00c7evik \u00d6d\u0259ni\u015f Se\u00e7iml\u0259ri: Etibarl\u0131 depozit v\u0259 pul \u00e7\u0131xarma \u00fcsullar\u0131.<\/p>\n<p>Y\u00fcks\u0259k Oranlar: Udu\u015flar\u0131n\u0131z\u0131 art\u0131rmaq \u00fc\u00e7\u00fcn \u0259n yax\u015f\u0131 \u0259msallar.<\/p>\n<p>Mobil T\u0259tbiql\u0259r: M\u0259rcl\u0259rinizi mobil t\u0259tbiql\u0259rl\u0259 ist\u0259nil\u0259n yer\u0259 qoyun.<\/p>\n<h2>Promosyonlar v\u0259 Bonuslar<\/h2>\n<p>Xo\u015f g\u0259ldiniz, yeni ba\u015flayanlar!: Yeni oyun\u00e7ular \u00fc\u00e7\u00fcn xo\u015f g\u0259lmisiniz bonuslar\u0131.<\/p>\n<p>Hesab\u0131n doldurulmas\u0131 \u00fc\u00e7\u00fcn promosyonlar: Daimi m\u00fc\u015ft\u0259ril\u0259r \u00fc\u00e7\u00fcn bonuslar v\u0259 endiriml\u0259r.<\/p>\n<p>Pulsuz f\u0131rlanmalar v\u0259 m\u0259rc: X\u00fcsusi promosyonlar v\u0259 endiriml\u0259r.<\/p>\n<p>Sadiqlik M\u00fckafat\u0131: Cashback sistemi v\u0259 sabit m\u00fc\u015ft\u0259ril\u0259r \u00fc\u00e7\u00fcn dig\u0259r imtiyazlar.<\/p>\n<h2>N\u0259tic\u0259<\/h2>\n<p>1xBet t\u0259kc\u0259 bukmeker kontoru deyil, h\u0259m d\u0259 h\u0259rt\u0259r\u0259fli qumar platformas\u0131d\u0131r. T\u0259hl\u00fck\u0259sizliy\u0259 v\u0259 m\u0259suliyy\u0259tli oyuna diqq\u0259t yetirm\u0259kl\u0259, bu, maksimum rahatl\u0131qla h\u0259y\u0259candan h\u0259zz ala bil\u0259c\u0259yiniz yerdir.<\/p>\n","protected":false},"excerpt":{"rendered":"<p>Qumar v\u0259 Bahis D\u00fcnyas\u0131nda B\u0259l\u0259d\u00e7iniz Giri\u015f 1xBet 2007-ci ild\u0259n f\u0259aliyy\u0259t g\u00f6st\u0259r\u0259n d\u00fcnyaca m\u0259\u015fhur qumar v\u0259 m\u0259rc oyun platformas\u0131d\u0131r. Bu \u015firk\u0259t qumar h\u0259v\u0259skarlar\u0131 \u00fc\u00e7\u00fcn geni\u015f se\u00e7im t\u0259klif edir. Tarixi kontekst Rusiyada f\u0259aliyy\u0259t\u0259 ba\u015flayan 1xBet ki\u00e7ik bukmeker kontorundan qlobal qumar xidm\u0259tl\u0259ri provayderin\u0259 \u00e7evril\u0259 bildi. Bu g\u00fcn onun veb platformas\u0131 bir \u00e7ox dill\u0259ri d\u0259st\u0259kl\u0259yir v\u0259 m\u00fcxt\u0259lif \u00f6lk\u0259l\u0259rd\u0259 xidm\u0259tl\u0259r [&hellip;]<\/p>\n","protected":false},"author":1,"featured_media":0,"parent":0,"menu_order":0,"comment_status":"closed","ping_status":"closed","template":"","meta":{"_acf_changed":false,"footnotes":""},"class_list":["post-2901","page","type-page","status-publish","hentry"],"acf":[],"yoast_head":"<!-- This site is optimized with the Yoast SEO plugin v26.9 - https:\/\/yoast.com\/product\/yoast-seo-wordpress\/ -->\n<title>D\u0259y\u0259rl\u0259rimiz v\u0259 missiyam\u0131z: 1xBet-i idar\u0259 ed\u0259n n\u0259dir<\/title>\n<meta name=\"description\" content=\"\u018fn yax\u015f\u0131 xidm\u0259ti yaratmaq \u00fc\u00e7\u00fcn korporativ m\u0259d\u0259niyy\u0259t v\u0259 h\u0259d\u0259fl\u0259rimiz haqq\u0131nda m\u0259lumat \u0259ld\u0259 edin.\" \/>\n<meta name=\"robots\" content=\"index, follow, max-snippet:-1, max-image-preview:large, max-video-preview:-1\" \/>\n<link rel=\"canonical\" href=\"https:\/\/bk-site-amp74.top\/az\/about-us-az\/\" \/>\n<meta property=\"og:locale\" content=\"ru_RU\" \/>\n<meta property=\"og:type\" content=\"article\" \/>\n<meta property=\"og:title\" content=\"D\u0259y\u0259rl\u0259rimiz v\u0259 missiyam\u0131z: 1xBet-i idar\u0259 ed\u0259n n\u0259dir\" \/>\n<meta property=\"og:description\" content=\"\u018fn yax\u015f\u0131 xidm\u0259ti yaratmaq \u00fc\u00e7\u00fcn korporativ m\u0259d\u0259niyy\u0259t v\u0259 h\u0259d\u0259fl\u0259rimiz haqq\u0131nda m\u0259lumat \u0259ld\u0259 edin.\" \/>\n<meta property=\"og:url\" content=\"https:\/\/bk-site-amp74.top\/az\/about-us-az\/\" \/>\n<meta property=\"og:site_name\" content=\"1xBet \u041e\u0444\u0438\u0446\u0438\u0430\u043b\u044c\u043d\u044b\u0439 C\u0430\u0439\u0442\" \/>\n<script type=\"application\/ld+json\" class=\"yoast-schema-graph\">{\"@context\":\"https:\/\/schema.org\",\"@graph\":[{\"@type\":\"WebPage\",\"@id\":\"https:\/\/bk-site-amp74.top\/az\/about-us-az\/\",\"url\":\"https:\/\/bk-site-amp74.top\/az\/about-us-az\/\",\"name\":\"D\u0259y\u0259rl\u0259rimiz v\u0259 missiyam\u0131z: 1xBet-i idar\u0259 ed\u0259n n\u0259dir\",\"isPartOf\":{\"@id\":\"https:\/\/bk-site-amp74.top\/#website\"},\"datePublished\":\"2026-02-06T15:01:36+00:00\",\"description\":\"\u018fn yax\u015f\u0131 xidm\u0259ti yaratmaq \u00fc\u00e7\u00fcn korporativ m\u0259d\u0259niyy\u0259t v\u0259 h\u0259d\u0259fl\u0259rimiz haqq\u0131nda m\u0259lumat \u0259ld\u0259 edin.\",\"breadcrumb\":{\"@id\":\"https:\/\/bk-site-amp74.top\/az\/about-us-az\/#breadcrumb\"},\"inLanguage\":\"ru-RU\",\"potentialAction\":[{\"@type\":\"ReadAction\",\"target\":[\"https:\/\/bk-site-amp74.top\/az\/about-us-az\/\"]}]},{\"@type\":\"BreadcrumbList\",\"@id\":\"https:\/\/bk-site-amp74.top\/az\/about-us-az\/#breadcrumb\",\"itemListElement\":[{\"@type\":\"ListItem\",\"position\":1,\"name\":\"1\u0445\u0431\u0435\u0442\",\"item\":\"https:\/\/bk-site-amp74.top\/\"},{\"@type\":\"ListItem\",\"position\":2,\"name\":\"about Us-az\"}]},{\"@type\":\"WebSite\",\"@id\":\"https:\/\/bk-site-amp74.top\/#website\",\"url\":\"https:\/\/bk-site-amp74.top\/\",\"name\":\"1xbet\",\"description\":\"\",\"alternateName\":\"1\u0445\u0431\u0435\u0442\",\"potentialAction\":[{\"@type\":\"SearchAction\",\"target\":{\"@type\":\"EntryPoint\",\"urlTemplate\":\"https:\/\/bk-site-amp74.top\/?s={search_term_string}\"},\"query-input\":{\"@type\":\"PropertyValueSpecification\",\"valueRequired\":true,\"valueName\":\"search_term_string\"}}],\"inLanguage\":\"ru-RU\"}]}<\/script>\n<!-- \/ Yoast SEO plugin. -->","yoast_head_json":{"title":"D\u0259y\u0259rl\u0259rimiz v\u0259 missiyam\u0131z: 1xBet-i idar\u0259 ed\u0259n n\u0259dir","description":"\u018fn yax\u015f\u0131 xidm\u0259ti yaratmaq \u00fc\u00e7\u00fcn korporativ m\u0259d\u0259niyy\u0259t v\u0259 h\u0259d\u0259fl\u0259rimiz haqq\u0131nda m\u0259lumat \u0259ld\u0259 edin.","robots":{"index":"index","follow":"follow","max-snippet":"max-snippet:-1","max-image-preview":"max-image-preview:large","max-video-preview":"max-video-preview:-1"},"canonical":"https:\/\/bk-site-amp74.top\/az\/about-us-az\/","og_locale":"ru_RU","og_type":"article","og_title":"D\u0259y\u0259rl\u0259rimiz v\u0259 missiyam\u0131z: 1xBet-i idar\u0259 ed\u0259n n\u0259dir","og_description":"\u018fn yax\u015f\u0131 xidm\u0259ti yaratmaq \u00fc\u00e7\u00fcn korporativ m\u0259d\u0259niyy\u0259t v\u0259 h\u0259d\u0259fl\u0259rimiz haqq\u0131nda m\u0259lumat \u0259ld\u0259 edin.","og_url":"https:\/\/bk-site-amp74.top\/az\/about-us-az\/","og_site_name":"1xBet \u041e\u0444\u0438\u0446\u0438\u0430\u043b\u044c\u043d\u044b\u0439 C\u0430\u0439\u0442","schema":{"@context":"https:\/\/schema.org","@graph":[{"@type":"WebPage","@id":"https:\/\/bk-site-amp74.top\/az\/about-us-az\/","url":"https:\/\/bk-site-amp74.top\/az\/about-us-az\/","name":"D\u0259y\u0259rl\u0259rimiz v\u0259 missiyam\u0131z: 1xBet-i idar\u0259 ed\u0259n n\u0259dir","isPartOf":{"@id":"https:\/\/bk-site-amp74.top\/#website"},"datePublished":"2026-02-06T15:01:36+00:00","description":"\u018fn yax\u015f\u0131 xidm\u0259ti yaratmaq \u00fc\u00e7\u00fcn korporativ m\u0259d\u0259niyy\u0259t v\u0259 h\u0259d\u0259fl\u0259rimiz haqq\u0131nda m\u0259lumat \u0259ld\u0259 edin.","breadcrumb":{"@id":"https:\/\/bk-site-amp74.top\/az\/about-us-az\/#breadcrumb"},"inLanguage":"ru-RU","potentialAction":[{"@type":"ReadAction","target":["https:\/\/bk-site-amp74.top\/az\/about-us-az\/"]}]},{"@type":"BreadcrumbList","@id":"https:\/\/bk-site-amp74.top\/az\/about-us-az\/#breadcrumb","itemListElement":[{"@type":"ListItem","position":1,"name":"1\u0445\u0431\u0435\u0442","item":"https:\/\/bk-site-amp74.top\/"},{"@type":"ListItem","position":2,"name":"about Us-az"}]},{"@type":"WebSite","@id":"https:\/\/bk-site-amp74.top\/#website","url":"https:\/\/bk-site-amp74.top\/","name":"1xbet","description":"","alternateName":"1\u0445\u0431\u0435\u0442","potentialAction":[{"@type":"SearchAction","target":{"@type":"EntryPoint","urlTemplate":"https:\/\/bk-site-amp74.top\/?s={search_term_string}"},"query-input":{"@type":"PropertyValueSpecification","valueRequired":true,"valueName":"search_term_string"}}],"inLanguage":"ru-RU"}]}},"amp_enabled":true,"_links":{"self":[{"href":"https:\/\/bk-site-amp74.top\/wp-json\/wp\/v2\/pages\/2901","targetHints":{"allow":["GET"]}}],"collection":[{"href":"https:\/\/bk-site-amp74.top\/wp-json\/wp\/v2\/pages"}],"about":[{"href":"https:\/\/bk-site-amp74.top\/wp-json\/wp\/v2\/types\/page"}],"author":[{"embeddable":true,"href":"https:\/\/bk-site-amp74.top\/wp-json\/wp\/v2\/users\/1"}],"replies":[{"embeddable":true,"href":"https:\/\/bk-site-amp74.top\/wp-json\/wp\/v2\/comments?post=2901"}],"version-history":[{"count":1,"href":"https:\/\/bk-site-amp74.top\/wp-json\/wp\/v2\/pages\/2901\/revisions"}],"predecessor-version":[{"id":2902,"href":"https:\/\/bk-site-amp74.top\/wp-json\/wp\/v2\/pages\/2901\/revisions\/2902"}],"wp:attachment":[{"href":"https:\/\/bk-site-amp74.top\/wp-json\/wp\/v2\/media?parent=2901"}],"curies":[{"name":"wp","href":"https:\/\/api.w.org\/{rel}","templated":true}]}}