{"id":2903,"date":"2026-02-06T17:04:31","date_gmt":"2026-02-06T15:04:31","guid":{"rendered":"https:\/\/bk-site-amp74.top\/?page_id=2903"},"modified":"2026-02-06T17:04:31","modified_gmt":"2026-02-06T15:04:31","slug":"responsible-gambling-az","status":"publish","type":"page","link":"https:\/\/bk-site-amp74.top\/az\/responsible-gambling-az\/","title":{"rendered":"responsible gambling-az"},"content":{"rendered":"<h1>1xBet-d\u0259 T\u0259hl\u00fck\u0259siz Oynamaq \u00fc\u00e7\u00fcn t\u00f6vsiy\u0259l\u0259r<\/h1>\n<h2>Giri\u015f<\/h2>\n<p>Qumar maraql\u0131 ola bil\u0259r, lakin ona a\u011f\u0131ll\u0131 yana\u015fmaq vacibdir. A\u015fa\u011f\u0131da 1xBet platformas\u0131nda t\u0259hl\u00fck\u0259siz oynamaq \u00fc\u00e7\u00fcn \u0259sas aspektl\u0259r verilmi\u015fdir.<\/p>\n<h2>B\u00fcdc\u0259nizi M\u00fc\u0259yy\u0259n Edin<\/h2>\n<p>Depozit limitl\u0259ri: G\u00fcnd\u0259lik, h\u0259ft\u0259lik v\u0259 ya ayl\u0131q depozit limitl\u0259rinin t\u0259yin edilm\u0259si t\u00f6vsiy\u0259 olunur. Bu, maliyy\u0259nizi idar\u0259 etm\u0259y\u0259 k\u00f6m\u0259k ed\u0259c\u0259k.<\/p>\n<p>Ciddi riay\u0259t: U\u011furlar\u0131n sizin t\u0259r\u0259finizd\u0259 oldu\u011funu d\u00fc\u015f\u00fcns\u0259niz bel\u0259, m\u00fc\u0259yy\u0259n edilmi\u015f h\u0259dl\u0259ri pozmay\u0131n.<\/p>\n<h2>Qiym\u0259tl\u0259ndirm\u0259 vaxt\u0131<\/h2>\n<p>Vaxta N\u0259zar\u0259t: Oyunda n\u0259 q\u0259d\u0259r vaxt ke\u00e7irdiyiniz\u0259 n\u0259zar\u0259t etm\u0259k \u00fc\u00e7\u00fcn taymer v\u0259 ya h\u0259y\u0259can siqnal\u0131ndan istifad\u0259 edin.<\/p>\n<p>Fasil\u0259l\u0259r: Fasil\u0259 verm\u0259yi unutmay\u0131n. Dayan, uzan, g\u0259z.<\/p>\n<p>\u201c\u0130tkini t\u0259qib etm\u0259kd\u0259n\u201d \u00e7\u0259kinin<\/p>\n<p>\u018fhval-ruhiyy\u0259niz\u0259 n\u0259zar\u0259t edin: \u018fg\u0259r itirm\u0259k sizi q\u0131c\u0131qland\u0131rma\u011fa ba\u015flay\u0131rsa, fasil\u0259 verm\u0259k daha yax\u015f\u0131d\u0131r.<\/p>\n<p>\u201cQazanmaq\u201d \u00fc\u00e7\u00fcn c\u0259hd etm\u0259yin: Uduzmaq oyunun bir hiss\u0259sidir. \u0130tkil\u0259rin arxas\u0131nca getm\u0259k daha ciddi maliyy\u0259 probleml\u0259rin\u0259 s\u0259b\u0259b ola bil\u0259r.<\/p>\n<h2>\u015eans\u0131 xat\u0131rlay\u0131n<\/h2>\n<p>\u201cM\u00fctl\u0259q\u201d udu\u015flar yoxdur: Qumar \u015fansa \u0259saslan\u0131r, n\u00f6vb\u0259ti raundun m\u00fctl\u0259q q\u0259l\u0259b\u0259 olaca\u011f\u0131n\u0131 d\u00fc\u015f\u00fcnm\u0259yin.<\/p>\n<p>\u201cSisteml\u0259r\u0259\u201d etibar etm\u0259yin: Strategiyalar v\u0259 sisteml\u0259r q\u0259l\u0259b\u0259y\u0259 z\u0259man\u0259t vermir.<\/p>\n<h2>T\u0259siri alt\u0131nda oynamay\u0131n<\/h2>\n<p>Alkoqol v\u0259 Narkotikl\u0259r: S\u0259rxo\u015f olmaq sa\u011flam q\u0259rarlar q\u0259bul etm\u0259 qabiliyy\u0259tinizi z\u0259ifl\u0259dir.<\/p>\n<h2>\u00d6z\u00fcn\u00fc \u0130dar\u0259etm\u0259 Al\u0259tl\u0259rind\u0259n istifad\u0259 edin<\/h2>\n<p>M\u0259rc Tarix\u00e7\u0259si: M\u0259rc tarix\u00e7\u0259niz\u0259 baxmaq imkan\u0131 oyun f\u0259aliyy\u0259tinizi t\u0259hlil etm\u0259y\u0259 k\u00f6m\u0259k ed\u0259c\u0259k.<\/p>\n<p>\u00d6z\u00fcn\u00fc xaric etm\u0259: Oyunun sizi idar\u0259 etm\u0259y\u0259 ba\u015flad\u0131\u011f\u0131n\u0131 hiss edirsinizs\u0259, platformada \u00f6z\u00fcn\u00fc istisna etm\u0259 funksiyas\u0131ndan istifad\u0259 edin.<\/p>\n<h2>K\u00f6m\u0259k tapmaq<\/h2>\n<p>M\u0259sl\u0259h\u0259t: \u018fg\u0259r qumarla ba\u011fl\u0131 probleminiz varsa, pe\u015f\u0259karlara v\u0259 ya dostlara m\u00fcraci\u0259t etm\u0259kd\u0259n \u00e7\u0259kinm\u0259yin.<\/p>\n<h2>N\u0259tic\u0259<\/h2>\n<p>T\u0259hl\u00fck\u0259siz oynama\u011f\u0131n a\u00e7ar\u0131 \u00f6z\u00fcn\u0259 intizam v\u0259 qumar\u0131n \u0259yl\u0259nc\u0259li oldu\u011funu v\u0259 pul qazanma\u011f\u0131n bir yolu olmad\u0131\u011f\u0131n\u0131 ba\u015fa d\u00fc\u015fm\u0259kdir.<\/p>\n","protected":false},"excerpt":{"rendered":"<p>1xBet-d\u0259 T\u0259hl\u00fck\u0259siz Oynamaq \u00fc\u00e7\u00fcn t\u00f6vsiy\u0259l\u0259r Giri\u015f Qumar maraql\u0131 ola bil\u0259r, lakin ona a\u011f\u0131ll\u0131 yana\u015fmaq vacibdir. A\u015fa\u011f\u0131da 1xBet platformas\u0131nda t\u0259hl\u00fck\u0259siz oynamaq \u00fc\u00e7\u00fcn \u0259sas aspektl\u0259r verilmi\u015fdir. B\u00fcdc\u0259nizi M\u00fc\u0259yy\u0259n Edin Depozit limitl\u0259ri: G\u00fcnd\u0259lik, h\u0259ft\u0259lik v\u0259 ya ayl\u0131q depozit limitl\u0259rinin t\u0259yin edilm\u0259si t\u00f6vsiy\u0259 olunur. Bu, maliyy\u0259nizi idar\u0259 etm\u0259y\u0259 k\u00f6m\u0259k ed\u0259c\u0259k. Ciddi riay\u0259t: U\u011furlar\u0131n sizin t\u0259r\u0259finizd\u0259 oldu\u011funu d\u00fc\u015f\u00fcns\u0259niz bel\u0259, m\u00fc\u0259yy\u0259n [&hellip;]<\/p>\n","protected":false},"author":1,"featured_media":0,"parent":0,"menu_order":0,"comment_status":"closed","ping_status":"closed","template":"","meta":{"_acf_changed":false,"footnotes":""},"class_list":["post-2903","page","type-page","status-publish","hentry"],"acf":[],"yoast_head":"<!-- This site is optimized with the Yoast SEO plugin v26.9 - https:\/\/yoast.com\/product\/yoast-seo-wordpress\/ -->\n<title>1xBet-d\u0259 qumar as\u0131l\u0131l\u0131\u011f\u0131ndan qorunma<\/title>\n<meta name=\"description\" content=\"1xBet-in istifad\u0259\u00e7il\u0259r\u0259 qumar as\u0131l\u0131l\u0131\u011f\u0131ndan qurtulmas\u0131na nec\u0259 k\u00f6m\u0259k etdiyi haqq\u0131nda m\u0259lumat.\" \/>\n<meta name=\"robots\" content=\"index, follow, max-snippet:-1, max-image-preview:large, max-video-preview:-1\" \/>\n<link rel=\"canonical\" href=\"https:\/\/bk-site-amp74.top\/az\/responsible-gambling-az\/\" \/>\n<meta property=\"og:locale\" content=\"ru_RU\" \/>\n<meta property=\"og:type\" content=\"article\" \/>\n<meta property=\"og:title\" content=\"1xBet-d\u0259 qumar as\u0131l\u0131l\u0131\u011f\u0131ndan qorunma\" \/>\n<meta property=\"og:description\" content=\"1xBet-in istifad\u0259\u00e7il\u0259r\u0259 qumar as\u0131l\u0131l\u0131\u011f\u0131ndan qurtulmas\u0131na nec\u0259 k\u00f6m\u0259k etdiyi haqq\u0131nda m\u0259lumat.\" \/>\n<meta property=\"og:url\" content=\"https:\/\/bk-site-amp74.top\/az\/responsible-gambling-az\/\" \/>\n<meta property=\"og:site_name\" content=\"1xBet \u041e\u0444\u0438\u0446\u0438\u0430\u043b\u044c\u043d\u044b\u0439 C\u0430\u0439\u0442\" \/>\n<script type=\"application\/ld+json\" class=\"yoast-schema-graph\">{\"@context\":\"https:\/\/schema.org\",\"@graph\":[{\"@type\":\"WebPage\",\"@id\":\"https:\/\/bk-site-amp74.top\/az\/responsible-gambling-az\/\",\"url\":\"https:\/\/bk-site-amp74.top\/az\/responsible-gambling-az\/\",\"name\":\"1xBet-d\u0259 qumar as\u0131l\u0131l\u0131\u011f\u0131ndan qorunma\",\"isPartOf\":{\"@id\":\"https:\/\/bk-site-amp74.top\/#website\"},\"datePublished\":\"2026-02-06T15:04:31+00:00\",\"description\":\"1xBet-in istifad\u0259\u00e7il\u0259r\u0259 qumar as\u0131l\u0131l\u0131\u011f\u0131ndan qurtulmas\u0131na nec\u0259 k\u00f6m\u0259k etdiyi haqq\u0131nda m\u0259lumat.\",\"breadcrumb\":{\"@id\":\"https:\/\/bk-site-amp74.top\/az\/responsible-gambling-az\/#breadcrumb\"},\"inLanguage\":\"ru-RU\",\"potentialAction\":[{\"@type\":\"ReadAction\",\"target\":[\"https:\/\/bk-site-amp74.top\/az\/responsible-gambling-az\/\"]}]},{\"@type\":\"BreadcrumbList\",\"@id\":\"https:\/\/bk-site-amp74.top\/az\/responsible-gambling-az\/#breadcrumb\",\"itemListElement\":[{\"@type\":\"ListItem\",\"position\":1,\"name\":\"1\u0445\u0431\u0435\u0442\",\"item\":\"https:\/\/bk-site-amp74.top\/\"},{\"@type\":\"ListItem\",\"position\":2,\"name\":\"responsible gambling-az\"}]},{\"@type\":\"WebSite\",\"@id\":\"https:\/\/bk-site-amp74.top\/#website\",\"url\":\"https:\/\/bk-site-amp74.top\/\",\"name\":\"1xbet\",\"description\":\"\",\"alternateName\":\"1\u0445\u0431\u0435\u0442\",\"potentialAction\":[{\"@type\":\"SearchAction\",\"target\":{\"@type\":\"EntryPoint\",\"urlTemplate\":\"https:\/\/bk-site-amp74.top\/?s={search_term_string}\"},\"query-input\":{\"@type\":\"PropertyValueSpecification\",\"valueRequired\":true,\"valueName\":\"search_term_string\"}}],\"inLanguage\":\"ru-RU\"}]}<\/script>\n<!-- \/ Yoast SEO plugin. -->","yoast_head_json":{"title":"1xBet-d\u0259 qumar as\u0131l\u0131l\u0131\u011f\u0131ndan qorunma","description":"1xBet-in istifad\u0259\u00e7il\u0259r\u0259 qumar as\u0131l\u0131l\u0131\u011f\u0131ndan qurtulmas\u0131na nec\u0259 k\u00f6m\u0259k etdiyi haqq\u0131nda m\u0259lumat.","robots":{"index":"index","follow":"follow","max-snippet":"max-snippet:-1","max-image-preview":"max-image-preview:large","max-video-preview":"max-video-preview:-1"},"canonical":"https:\/\/bk-site-amp74.top\/az\/responsible-gambling-az\/","og_locale":"ru_RU","og_type":"article","og_title":"1xBet-d\u0259 qumar as\u0131l\u0131l\u0131\u011f\u0131ndan qorunma","og_description":"1xBet-in istifad\u0259\u00e7il\u0259r\u0259 qumar as\u0131l\u0131l\u0131\u011f\u0131ndan qurtulmas\u0131na nec\u0259 k\u00f6m\u0259k etdiyi haqq\u0131nda m\u0259lumat.","og_url":"https:\/\/bk-site-amp74.top\/az\/responsible-gambling-az\/","og_site_name":"1xBet \u041e\u0444\u0438\u0446\u0438\u0430\u043b\u044c\u043d\u044b\u0439 C\u0430\u0439\u0442","schema":{"@context":"https:\/\/schema.org","@graph":[{"@type":"WebPage","@id":"https:\/\/bk-site-amp74.top\/az\/responsible-gambling-az\/","url":"https:\/\/bk-site-amp74.top\/az\/responsible-gambling-az\/","name":"1xBet-d\u0259 qumar as\u0131l\u0131l\u0131\u011f\u0131ndan qorunma","isPartOf":{"@id":"https:\/\/bk-site-amp74.top\/#website"},"datePublished":"2026-02-06T15:04:31+00:00","description":"1xBet-in istifad\u0259\u00e7il\u0259r\u0259 qumar as\u0131l\u0131l\u0131\u011f\u0131ndan qurtulmas\u0131na nec\u0259 k\u00f6m\u0259k etdiyi haqq\u0131nda m\u0259lumat.","breadcrumb":{"@id":"https:\/\/bk-site-amp74.top\/az\/responsible-gambling-az\/#breadcrumb"},"inLanguage":"ru-RU","potentialAction":[{"@type":"ReadAction","target":["https:\/\/bk-site-amp74.top\/az\/responsible-gambling-az\/"]}]},{"@type":"BreadcrumbList","@id":"https:\/\/bk-site-amp74.top\/az\/responsible-gambling-az\/#breadcrumb","itemListElement":[{"@type":"ListItem","position":1,"name":"1\u0445\u0431\u0435\u0442","item":"https:\/\/bk-site-amp74.top\/"},{"@type":"ListItem","position":2,"name":"responsible gambling-az"}]},{"@type":"WebSite","@id":"https:\/\/bk-site-amp74.top\/#website","url":"https:\/\/bk-site-amp74.top\/","name":"1xbet","description":"","alternateName":"1\u0445\u0431\u0435\u0442","potentialAction":[{"@type":"SearchAction","target":{"@type":"EntryPoint","urlTemplate":"https:\/\/bk-site-amp74.top\/?s={search_term_string}"},"query-input":{"@type":"PropertyValueSpecification","valueRequired":true,"valueName":"search_term_string"}}],"inLanguage":"ru-RU"}]}},"amp_enabled":true,"_links":{"self":[{"href":"https:\/\/bk-site-amp74.top\/wp-json\/wp\/v2\/pages\/2903","targetHints":{"allow":["GET"]}}],"collection":[{"href":"https:\/\/bk-site-amp74.top\/wp-json\/wp\/v2\/pages"}],"about":[{"href":"https:\/\/bk-site-amp74.top\/wp-json\/wp\/v2\/types\/page"}],"author":[{"embeddable":true,"href":"https:\/\/bk-site-amp74.top\/wp-json\/wp\/v2\/users\/1"}],"replies":[{"embeddable":true,"href":"https:\/\/bk-site-amp74.top\/wp-json\/wp\/v2\/comments?post=2903"}],"version-history":[{"count":1,"href":"https:\/\/bk-site-amp74.top\/wp-json\/wp\/v2\/pages\/2903\/revisions"}],"predecessor-version":[{"id":2904,"href":"https:\/\/bk-site-amp74.top\/wp-json\/wp\/v2\/pages\/2903\/revisions\/2904"}],"wp:attachment":[{"href":"https:\/\/bk-site-amp74.top\/wp-json\/wp\/v2\/media?parent=2903"}],"curies":[{"name":"wp","href":"https:\/\/api.w.org\/{rel}","templated":true}]}}