{"id":3077,"date":"2026-02-09T07:51:37","date_gmt":"2026-02-09T05:51:37","guid":{"rendered":"https:\/\/bk-site-amp74.top\/?page_id=3077"},"modified":"2026-02-09T07:59:04","modified_gmt":"2026-02-09T05:59:04","slug":"hakkimizda","status":"publish","type":"page","link":"https:\/\/bk-site-amp74.top\/tr\/hakkimizda\/","title":{"rendered":"Hakk\u0131m\u0131zda"},"content":{"rendered":"<h1>Kumar ve Bahis D\u00fcnyas\u0131ndaki Rehberiniz<\/h1>\n<h2>Girii\u015f<\/h2>\n<p>1xBet, 2007 y\u0131l\u0131ndan bu yana faaliyet g\u00f6steren d\u00fcnyaca \u00fcnl\u00fc bir kumar ve bahis platformudur. Bu \u015firket kumar merakl\u0131lar\u0131 i\u00e7in geni\u015f bir se\u00e7enek yelpazesi sunmaktad\u0131r.<\/p>\n<h2>Tarihsel Ba\u011flam<\/h2>\n<p>Faaliyetlerine Rusya\u2019da ba\u015flayan 1xBet, k\u00fc\u00e7\u00fck bir bahis \u015firketinden k\u00fcresel bir kumar hizmetleri sa\u011flay\u0131c\u0131s\u0131na d\u00f6n\u00fc\u015fmeyi ba\u015fard\u0131. Bug\u00fcn web platformu birden fazla dili desteklemekte ve farkl\u0131 \u00fclkelerde hizmet sunmaktad\u0131r.<\/p>\n<h2>Ay\u0131rt edici \u00f6zellikler<\/h2>\n<p>Kapsaml\u0131 Bahis Se\u00e7enekleri: Futboldan espora kadar 1xBet\u2019te herkes i\u00e7in bir \u015feyler var.<\/p>\n<p>\u00c7ok Dilli Destek: Hizmet, maksimum rahatl\u0131k i\u00e7in \u00e7e\u015fitli dillerde mevcuttur.<\/p>\n<p>Esnek \u00d6deme Se\u00e7enekleri: G\u00fcvenilir para yat\u0131rma ve \u00e7ekme y\u00f6ntemleri.<\/p>\n<p>Y\u00fcksek Oranlar: Kazanc\u0131n\u0131z\u0131 en \u00fcst d\u00fczeye \u00e7\u0131karmak i\u00e7in en iyi oranlar.<\/p>\n<p>Mobil Uygulamalar: Mobil uygulamalarla bahislerinizi istedi\u011finiz yere koyun.<\/p>\n<h2>Promosyonlar ve Bonuslar<\/h2>\n<p>Ho\u015f Geldiniz Yeni Ba\u015flayanlar!: Yeni oyuncular i\u00e7in ho\u015f geldin bonuslar\u0131.<\/p>\n<p>Hesap Yenileme Promosyonlar\u0131: D\u00fczenli m\u00fc\u015fteriler i\u00e7in bonuslar ve indirimler.<\/p>\n<p>\u00dccretsiz D\u00f6nd\u00fcrme ve Bahis: \u00d6zel promosyonlar ve indirimler.<\/p>\n<p>Sadakat \u00d6d\u00fcllendirildi: Sabit m\u00fc\u015fteriler i\u00e7in para iadesi sistemi ve di\u011fer ayr\u0131cal\u0131klar.<\/p>\n<h2>\u00c7\u00f6z\u00fcm<\/h2>\n<p>1xBet yaln\u0131zca bir bahis \u015firketi de\u011fil ayn\u0131 zamanda kapsaml\u0131 bir kumar platformudur. G\u00fcvenli\u011fe ve sorumlu oyuna \u00f6nem veren buras\u0131, heyecan\u0131n tad\u0131n\u0131 maksimum rahatl\u0131kla \u00e7\u0131karabilece\u011finiz bir yerdir.<\/p>\n","protected":false},"excerpt":{"rendered":"<p>Kumar ve Bahis D\u00fcnyas\u0131ndaki Rehberiniz Girii\u015f 1xBet, 2007 y\u0131l\u0131ndan bu yana faaliyet g\u00f6steren d\u00fcnyaca \u00fcnl\u00fc bir kumar ve bahis platformudur. Bu \u015firket kumar merakl\u0131lar\u0131 i\u00e7in geni\u015f bir se\u00e7enek yelpazesi sunmaktad\u0131r. Tarihsel Ba\u011flam Faaliyetlerine Rusya\u2019da ba\u015flayan 1xBet, k\u00fc\u00e7\u00fck bir bahis \u015firketinden k\u00fcresel bir kumar hizmetleri sa\u011flay\u0131c\u0131s\u0131na d\u00f6n\u00fc\u015fmeyi ba\u015fard\u0131. Bug\u00fcn web platformu birden fazla dili desteklemekte ve [&hellip;]<\/p>\n","protected":false},"author":1,"featured_media":0,"parent":0,"menu_order":0,"comment_status":"closed","ping_status":"closed","template":"","meta":{"_acf_changed":false,"footnotes":""},"class_list":["post-3077","page","type-page","status-publish","hentry"],"acf":[],"yoast_head":"<!-- This site is optimized with the Yoast SEO plugin v26.9 - https:\/\/yoast.com\/product\/yoast-seo-wordpress\/ -->\n<title>De\u011ferlerimiz ve misyonumuz: 1xBet&#039;i y\u00f6nlendiren \u015fey<\/title>\n<meta name=\"description\" content=\"En iyi hizmeti yaratmak i\u00e7in kurumsal k\u00fclt\u00fcr\u00fcm\u00fcz ve takip etti\u011fimiz hedefler hakk\u0131nda bilgi edinin.\" \/>\n<meta name=\"robots\" content=\"index, follow, max-snippet:-1, max-image-preview:large, max-video-preview:-1\" \/>\n<link rel=\"canonical\" href=\"https:\/\/bk-site-amp74.top\/tr\/hakkimizda\/\" \/>\n<meta property=\"og:locale\" content=\"ru_RU\" \/>\n<meta property=\"og:type\" content=\"article\" \/>\n<meta property=\"og:title\" content=\"De\u011ferlerimiz ve misyonumuz: 1xBet&#039;i y\u00f6nlendiren \u015fey\" \/>\n<meta property=\"og:description\" content=\"En iyi hizmeti yaratmak i\u00e7in kurumsal k\u00fclt\u00fcr\u00fcm\u00fcz ve takip etti\u011fimiz hedefler hakk\u0131nda bilgi edinin.\" \/>\n<meta property=\"og:url\" content=\"https:\/\/bk-site-amp74.top\/tr\/hakkimizda\/\" \/>\n<meta property=\"og:site_name\" content=\"1xBet \u041e\u0444\u0438\u0446\u0438\u0430\u043b\u044c\u043d\u044b\u0439 C\u0430\u0439\u0442\" \/>\n<meta property=\"article:modified_time\" content=\"2026-02-09T05:59:04+00:00\" \/>\n<script type=\"application\/ld+json\" class=\"yoast-schema-graph\">{\"@context\":\"https:\/\/schema.org\",\"@graph\":[{\"@type\":\"WebPage\",\"@id\":\"https:\/\/bk-site-amp74.top\/tr\/hakkimizda\/\",\"url\":\"https:\/\/bk-site-amp74.top\/tr\/hakkimizda\/\",\"name\":\"De\u011ferlerimiz ve misyonumuz: 1xBet'i y\u00f6nlendiren \u015fey\",\"isPartOf\":{\"@id\":\"https:\/\/bk-site-amp74.top\/#website\"},\"datePublished\":\"2026-02-09T05:51:37+00:00\",\"dateModified\":\"2026-02-09T05:59:04+00:00\",\"description\":\"En iyi hizmeti yaratmak i\u00e7in kurumsal k\u00fclt\u00fcr\u00fcm\u00fcz ve takip etti\u011fimiz hedefler hakk\u0131nda bilgi edinin.\",\"breadcrumb\":{\"@id\":\"https:\/\/bk-site-amp74.top\/tr\/hakkimizda\/#breadcrumb\"},\"inLanguage\":\"ru-RU\",\"potentialAction\":[{\"@type\":\"ReadAction\",\"target\":[\"https:\/\/bk-site-amp74.top\/tr\/hakkimizda\/\"]}]},{\"@type\":\"BreadcrumbList\",\"@id\":\"https:\/\/bk-site-amp74.top\/tr\/hakkimizda\/#breadcrumb\",\"itemListElement\":[{\"@type\":\"ListItem\",\"position\":1,\"name\":\"1\u0445\u0431\u0435\u0442\",\"item\":\"https:\/\/bk-site-amp74.top\/\"},{\"@type\":\"ListItem\",\"position\":2,\"name\":\"Hakk\u0131m\u0131zda\"}]},{\"@type\":\"WebSite\",\"@id\":\"https:\/\/bk-site-amp74.top\/#website\",\"url\":\"https:\/\/bk-site-amp74.top\/\",\"name\":\"1xbet\",\"description\":\"\",\"alternateName\":\"1\u0445\u0431\u0435\u0442\",\"potentialAction\":[{\"@type\":\"SearchAction\",\"target\":{\"@type\":\"EntryPoint\",\"urlTemplate\":\"https:\/\/bk-site-amp74.top\/?s={search_term_string}\"},\"query-input\":{\"@type\":\"PropertyValueSpecification\",\"valueRequired\":true,\"valueName\":\"search_term_string\"}}],\"inLanguage\":\"ru-RU\"}]}<\/script>\n<!-- \/ Yoast SEO plugin. -->","yoast_head_json":{"title":"De\u011ferlerimiz ve misyonumuz: 1xBet'i y\u00f6nlendiren \u015fey","description":"En iyi hizmeti yaratmak i\u00e7in kurumsal k\u00fclt\u00fcr\u00fcm\u00fcz ve takip etti\u011fimiz hedefler hakk\u0131nda bilgi edinin.","robots":{"index":"index","follow":"follow","max-snippet":"max-snippet:-1","max-image-preview":"max-image-preview:large","max-video-preview":"max-video-preview:-1"},"canonical":"https:\/\/bk-site-amp74.top\/tr\/hakkimizda\/","og_locale":"ru_RU","og_type":"article","og_title":"De\u011ferlerimiz ve misyonumuz: 1xBet'i y\u00f6nlendiren \u015fey","og_description":"En iyi hizmeti yaratmak i\u00e7in kurumsal k\u00fclt\u00fcr\u00fcm\u00fcz ve takip etti\u011fimiz hedefler hakk\u0131nda bilgi edinin.","og_url":"https:\/\/bk-site-amp74.top\/tr\/hakkimizda\/","og_site_name":"1xBet \u041e\u0444\u0438\u0446\u0438\u0430\u043b\u044c\u043d\u044b\u0439 C\u0430\u0439\u0442","article_modified_time":"2026-02-09T05:59:04+00:00","schema":{"@context":"https:\/\/schema.org","@graph":[{"@type":"WebPage","@id":"https:\/\/bk-site-amp74.top\/tr\/hakkimizda\/","url":"https:\/\/bk-site-amp74.top\/tr\/hakkimizda\/","name":"De\u011ferlerimiz ve misyonumuz: 1xBet'i y\u00f6nlendiren \u015fey","isPartOf":{"@id":"https:\/\/bk-site-amp74.top\/#website"},"datePublished":"2026-02-09T05:51:37+00:00","dateModified":"2026-02-09T05:59:04+00:00","description":"En iyi hizmeti yaratmak i\u00e7in kurumsal k\u00fclt\u00fcr\u00fcm\u00fcz ve takip etti\u011fimiz hedefler hakk\u0131nda bilgi edinin.","breadcrumb":{"@id":"https:\/\/bk-site-amp74.top\/tr\/hakkimizda\/#breadcrumb"},"inLanguage":"ru-RU","potentialAction":[{"@type":"ReadAction","target":["https:\/\/bk-site-amp74.top\/tr\/hakkimizda\/"]}]},{"@type":"BreadcrumbList","@id":"https:\/\/bk-site-amp74.top\/tr\/hakkimizda\/#breadcrumb","itemListElement":[{"@type":"ListItem","position":1,"name":"1\u0445\u0431\u0435\u0442","item":"https:\/\/bk-site-amp74.top\/"},{"@type":"ListItem","position":2,"name":"Hakk\u0131m\u0131zda"}]},{"@type":"WebSite","@id":"https:\/\/bk-site-amp74.top\/#website","url":"https:\/\/bk-site-amp74.top\/","name":"1xbet","description":"","alternateName":"1\u0445\u0431\u0435\u0442","potentialAction":[{"@type":"SearchAction","target":{"@type":"EntryPoint","urlTemplate":"https:\/\/bk-site-amp74.top\/?s={search_term_string}"},"query-input":{"@type":"PropertyValueSpecification","valueRequired":true,"valueName":"search_term_string"}}],"inLanguage":"ru-RU"}]}},"amp_enabled":true,"_links":{"self":[{"href":"https:\/\/bk-site-amp74.top\/wp-json\/wp\/v2\/pages\/3077","targetHints":{"allow":["GET"]}}],"collection":[{"href":"https:\/\/bk-site-amp74.top\/wp-json\/wp\/v2\/pages"}],"about":[{"href":"https:\/\/bk-site-amp74.top\/wp-json\/wp\/v2\/types\/page"}],"author":[{"embeddable":true,"href":"https:\/\/bk-site-amp74.top\/wp-json\/wp\/v2\/users\/1"}],"replies":[{"embeddable":true,"href":"https:\/\/bk-site-amp74.top\/wp-json\/wp\/v2\/comments?post=3077"}],"version-history":[{"count":1,"href":"https:\/\/bk-site-amp74.top\/wp-json\/wp\/v2\/pages\/3077\/revisions"}],"predecessor-version":[{"id":3078,"href":"https:\/\/bk-site-amp74.top\/wp-json\/wp\/v2\/pages\/3077\/revisions\/3078"}],"wp:attachment":[{"href":"https:\/\/bk-site-amp74.top\/wp-json\/wp\/v2\/media?parent=3077"}],"curies":[{"name":"wp","href":"https:\/\/api.w.org\/{rel}","templated":true}]}}