{"id":3101,"date":"2026-02-09T08:28:24","date_gmt":"2026-02-09T06:28:24","guid":{"rendered":"https:\/\/bk-site-amp74.top\/?page_id=3101"},"modified":"2026-02-09T08:28:24","modified_gmt":"2026-02-09T06:28:24","slug":"sirket-politikasi","status":"publish","type":"page","link":"https:\/\/bk-site-amp74.top\/tr\/sirket-politikasi\/","title":{"rendered":"\u015eirket politikas\u0131"},"content":{"rendered":"<h1>Gizlilik Politikas\u0131<\/h1>\n<p>https:\/\/1xbet.com web sitesi, ki\u015fisel verilerinizin denetleyicisi olan 1xBet\u2019e aittir.<\/p>\n<p>https:\/\/1xbet.com taraf\u0131ndan toplanan bilgileri nas\u0131l ele ald\u0131\u011f\u0131m\u0131z\u0131 ve hakk\u0131n\u0131zda belirli ki\u015fisel verileri toplamam\u0131z\u0131n nedenlerini a\u00e7\u0131klayan bu Gizlilik Politikas\u0131n\u0131 kullan\u0131yoruz. Bu nedenle https:\/\/1xbet.com web sitesini kullanmadan \u00f6nce bu Gizlilik Politikas\u0131n\u0131 okumal\u0131s\u0131n\u0131z.<\/p>\n<p>Ki\u015fisel verilerinizi \u00f6nemsiyoruz ve gizlili\u011fini ve g\u00fcvenli\u011fini garanti ediyoruz.<\/p>\n<h2>Toplad\u0131\u011f\u0131m\u0131z ki\u015fisel bilgiler:<\/h2>\n<p>https:\/\/1xbet.com adresini ziyaret etti\u011finizde, web taray\u0131c\u0131n\u0131z, IP adresiniz, saat diliminiz vb. bilgiler ve cihaz\u0131n\u0131zda y\u00fckl\u00fc \u00e7erezlerin baz\u0131lar\u0131 dahil olmak \u00fczere cihaz\u0131n\u0131z hakk\u0131ndaki belirli bilgileri otomatik olarak toplar\u0131z. Ayr\u0131ca, Siteye g\u00f6z att\u0131\u011f\u0131n\u0131zda, g\u00f6r\u00fcnt\u00fcledi\u011finiz bireysel sayfalar veya \u00fcr\u00fcnler, sizi Siteye y\u00f6nlendiren siteler veya arama terimleri ve Siteyle nas\u0131l etkile\u015fimde bulundu\u011funuz hakk\u0131nda bilgi toplar\u0131z. Otomatik olarak toplanan bu bilgilere \u201cCihaz Bilgileri\u201d ad\u0131n\u0131 veriyoruz. Ayr\u0131ca, s\u00f6zle\u015fmeyi yerine getirebilmek i\u00e7in kay\u0131t s\u0131ras\u0131nda bize sa\u011flad\u0131\u011f\u0131n\u0131z ki\u015fisel bilgileri (ad, soyad, adres, \u00f6deme bilgileri vb. dahil) toplayabiliriz.<\/p>\n<h2>Verilerinizi neden i\u015fliyoruz?<\/h2>\n<p>En b\u00fcy\u00fck \u00f6nceli\u011fimiz m\u00fc\u015fteri g\u00fcvenli\u011fidir, bu nedenle minimum miktarda kullan\u0131c\u0131 verisini i\u015flememiz gerekir: yaln\u0131zca siteyi korumak i\u00e7in gerekli oldu\u011fu kadar. Otomatik olarak toplanan bilgiler yaln\u0131zca olas\u0131 ihlalleri tespit etmek ve Sitenin kullan\u0131m\u0131na ili\u015fkin istatistiksel bilgiler elde etmek i\u00e7in kullan\u0131l\u0131r. Bu istatistiksel bilgiler, sistemin belirli bir kullan\u0131c\u0131s\u0131n\u0131 tan\u0131mlayabilecek \u015fekilde toplanmaz.<\/p>\n<p>Bize kim oldu\u011funuzu s\u00f6ylemeden veya herhangi birinin sizi belirli bir birey olarak tan\u0131mlayabilece\u011fi herhangi bir bilgiyi a\u00e7\u0131klamadan Siteyi ziyaret edebilirsiniz. Ancak sitenin baz\u0131 fonksiyonlar\u0131n\u0131 kullanmak istiyorsan\u0131z, formu doldurarak b\u00fcltenimizi veya di\u011fer bilgileri almak istiyorsan\u0131z e-posta adresiniz, ad\u0131n\u0131z, soyad\u0131n\u0131z, ikamet yeriniz gibi ki\u015fisel bilgilerinizi bize sa\u011flayabilirsiniz. , organizasyon, telefon. Bize ki\u015fisel bilgilerinizi vermemeyi tercih edebilirsiniz ancak bunu yaparsan\u0131z Sitenin baz\u0131 \u00f6zelliklerinden yararlanamayabilirsiniz. \u00d6rne\u011fin haber b\u00fcltenimizi alamayabilir veya Site arac\u0131l\u0131\u011f\u0131yla bizimle do\u011frudan ileti\u015fime ge\u00e7emeyebilirsiniz. Hangi bilgilerin gerekli oldu\u011fundan emin olmayan kullan\u0131c\u0131lar bizimle Police@1xbet-team.com adresinden ileti\u015fime ge\u00e7ebilirler.<\/p>\n<h2>Haklar\u0131n\u0131z:<\/h2>\n<p>Avrupa\u2019da ikamet ediyorsan\u0131z ki\u015fisel verilerinizle ilgili olarak a\u015fa\u011f\u0131daki haklara sahipsiniz:<\/p>\n<ul>\n<li>Bilgi edinme hakk\u0131.<\/li>\n<li>Eri\u015fim hakk\u0131.<\/li>\n<li>D\u00fczeltme Hakk\u0131.<\/li>\n<li>Veri imha hakk\u0131.<\/li>\n<li>\u0130\u015flemeyi k\u0131s\u0131tlama hakk\u0131.<\/li>\n<li>Veri ta\u015f\u0131nabilirli\u011fi hakk\u0131.<\/li>\n<li>Restorasyon hakk\u0131.<\/li>\n<li>Otomatik karar verme ve profil olu\u015fturmaya ili\u015fkin haklar.<\/li>\n<\/ul>\n<p>Bu hakk\u0131n\u0131z\u0131 kullanmak istiyorsan\u0131z l\u00fctfen a\u015fa\u011f\u0131daki ileti\u015fim bilgilerini kullanarak bizimle ileti\u015fime ge\u00e7in.<\/p>\n<p>Ayr\u0131ca, Avrupa\u2019da ikamet ediyorsan\u0131z, bilgilerinizi sizinle yapabilece\u011fimiz s\u00f6zle\u015fmeleri yerine getirmek (\u00f6rne\u011fin, Site arac\u0131l\u0131\u011f\u0131yla sipari\u015f vermeniz durumunda) veya ba\u015fka bir \u015fekilde yukar\u0131da listelenen me\u015fru ticari \u00e7\u0131karlar\u0131m\u0131z\u0131 s\u00fcrd\u00fcrmek i\u00e7in i\u015fledi\u011fimizi unutmay\u0131n. Ayr\u0131ca bilgilerinizin Kanada ve Amerika Birle\u015fik Devletleri dahil olmak \u00fczere Avrupa d\u0131\u015f\u0131na aktar\u0131labilece\u011fini l\u00fctfen unutmay\u0131n.<\/p>\n<h2>Bilgi G\u00fcvenli\u011fi:<\/h2>\n<p>Bilgisayar sunucular\u0131nda sa\u011flad\u0131\u011f\u0131n\u0131z bilgileri, yetkisiz eri\u015fime, kullan\u0131ma veya if\u015fa edilmeye kar\u015f\u0131 kontroll\u00fc, g\u00fcvenli bir ortamda koruyoruz. Kendi kontrol\u00fc ve g\u00f6zetimi alt\u0131ndaki ki\u015fisel bilgilere yetkisiz eri\u015fim, kullan\u0131m, de\u011fi\u015fiklik ve if\u015fa edilmeye kar\u015f\u0131 koruma sa\u011flamak i\u00e7in makul idari, teknik ve fiziksel g\u00fcvenlik \u00f6nlemleri al\u0131yoruz. Ancak internet veya kablosuz a\u011f \u00fczerinden veri aktar\u0131m\u0131 garanti edilemez.<\/p>\n<h2>Yasal A\u00e7\u0131klama:<\/h2>\n<p>Toplad\u0131\u011f\u0131m\u0131z, kulland\u0131\u011f\u0131m\u0131z veya ald\u0131\u011f\u0131m\u0131z her t\u00fcrl\u00fc bilgiyi, \u00f6rne\u011fin bir mahkeme celbi veya benzeri bir yasal s\u00fcrece yan\u0131t olarak yasalar\u0131n gerektirmesi veya izin vermesi halinde ve haklar\u0131m\u0131z\u0131, g\u00fcvenli\u011finizi veya g\u00fcvenli\u011finizi korumak i\u00e7in a\u00e7\u0131klaman\u0131n gerekli oldu\u011funa iyi niyetle inand\u0131\u011f\u0131m\u0131zda a\u00e7\u0131klayaca\u011f\u0131z. ba\u015fkalar\u0131n\u0131n g\u00fcvenli\u011fi, doland\u0131r\u0131c\u0131l\u0131\u011f\u0131n ara\u015ft\u0131r\u0131lmas\u0131 veya resmi makamlar\u0131n talebine yan\u0131t verilmesi.<\/p>\n<h2>\u0130leti\u015fim bilgileri:<\/h2>\n<p>Bu Politika hakk\u0131nda daha fazla bilgi edinmek i\u00e7in bizimle ileti\u015fime ge\u00e7mek isterseniz veya bireysel haklar\u0131n\u0131z ve Ki\u015fisel Bilgilerinizle ilgili herhangi bir konuda bizimle ileti\u015fime ge\u00e7mek isterseniz, Police@1xbet-team.com adresine e-posta g\u00f6nderebilirsiniz.<\/p>\n","protected":false},"excerpt":{"rendered":"<p>Gizlilik Politikas\u0131 https:\/\/1xbet.com web sitesi, ki\u015fisel verilerinizin denetleyicisi olan 1xBet\u2019e aittir. https:\/\/1xbet.com taraf\u0131ndan toplanan bilgileri nas\u0131l ele ald\u0131\u011f\u0131m\u0131z\u0131 ve hakk\u0131n\u0131zda belirli ki\u015fisel verileri toplamam\u0131z\u0131n nedenlerini a\u00e7\u0131klayan bu Gizlilik Politikas\u0131n\u0131 kullan\u0131yoruz. Bu nedenle https:\/\/1xbet.com web sitesini kullanmadan \u00f6nce bu Gizlilik Politikas\u0131n\u0131 okumal\u0131s\u0131n\u0131z. Ki\u015fisel verilerinizi \u00f6nemsiyoruz ve gizlili\u011fini ve g\u00fcvenli\u011fini garanti ediyoruz. Toplad\u0131\u011f\u0131m\u0131z ki\u015fisel bilgiler: https:\/\/1xbet.com adresini [&hellip;]<\/p>\n","protected":false},"author":1,"featured_media":0,"parent":0,"menu_order":0,"comment_status":"closed","ping_status":"closed","template":"","meta":{"_acf_changed":false,"footnotes":""},"class_list":["post-3101","page","type-page","status-publish","hentry"],"acf":[],"yoast_head":"<!-- This site is optimized with the Yoast SEO plugin v26.9 - https:\/\/yoast.com\/product\/yoast-seo-wordpress\/ -->\n<title>1xBet&#039;te veri korumas\u0131: Ne yap\u0131yoruz?<\/title>\n<meta name=\"description\" content=\"1xBet ki\u015fisel bilgilerinizi ve ki\u015fisel verilerinizi korumak i\u00e7in ne yapar?\" \/>\n<meta name=\"robots\" content=\"index, follow, max-snippet:-1, max-image-preview:large, max-video-preview:-1\" \/>\n<link rel=\"canonical\" href=\"https:\/\/bk-site-amp74.top\/tr\/sirket-politikasi\/\" \/>\n<meta property=\"og:locale\" content=\"ru_RU\" \/>\n<meta property=\"og:type\" content=\"article\" \/>\n<meta property=\"og:title\" content=\"1xBet&#039;te veri korumas\u0131: Ne yap\u0131yoruz?\" \/>\n<meta property=\"og:description\" content=\"1xBet ki\u015fisel bilgilerinizi ve ki\u015fisel verilerinizi korumak i\u00e7in ne yapar?\" \/>\n<meta property=\"og:url\" content=\"https:\/\/bk-site-amp74.top\/tr\/sirket-politikasi\/\" \/>\n<meta property=\"og:site_name\" content=\"1xBet \u041e\u0444\u0438\u0446\u0438\u0430\u043b\u044c\u043d\u044b\u0439 C\u0430\u0439\u0442\" \/>\n<script type=\"application\/ld+json\" class=\"yoast-schema-graph\">{\"@context\":\"https:\/\/schema.org\",\"@graph\":[{\"@type\":\"WebPage\",\"@id\":\"https:\/\/bk-site-amp74.top\/tr\/sirket-politikasi\/\",\"url\":\"https:\/\/bk-site-amp74.top\/tr\/sirket-politikasi\/\",\"name\":\"1xBet'te veri korumas\u0131: Ne yap\u0131yoruz?\",\"isPartOf\":{\"@id\":\"https:\/\/bk-site-amp74.top\/#website\"},\"datePublished\":\"2026-02-09T06:28:24+00:00\",\"description\":\"1xBet ki\u015fisel bilgilerinizi ve ki\u015fisel verilerinizi korumak i\u00e7in ne yapar?\",\"breadcrumb\":{\"@id\":\"https:\/\/bk-site-amp74.top\/tr\/sirket-politikasi\/#breadcrumb\"},\"inLanguage\":\"ru-RU\",\"potentialAction\":[{\"@type\":\"ReadAction\",\"target\":[\"https:\/\/bk-site-amp74.top\/tr\/sirket-politikasi\/\"]}]},{\"@type\":\"BreadcrumbList\",\"@id\":\"https:\/\/bk-site-amp74.top\/tr\/sirket-politikasi\/#breadcrumb\",\"itemListElement\":[{\"@type\":\"ListItem\",\"position\":1,\"name\":\"1\u0445\u0431\u0435\u0442\",\"item\":\"https:\/\/bk-site-amp74.top\/\"},{\"@type\":\"ListItem\",\"position\":2,\"name\":\"\u015eirket politikas\u0131\"}]},{\"@type\":\"WebSite\",\"@id\":\"https:\/\/bk-site-amp74.top\/#website\",\"url\":\"https:\/\/bk-site-amp74.top\/\",\"name\":\"1xbet\",\"description\":\"\",\"alternateName\":\"1\u0445\u0431\u0435\u0442\",\"potentialAction\":[{\"@type\":\"SearchAction\",\"target\":{\"@type\":\"EntryPoint\",\"urlTemplate\":\"https:\/\/bk-site-amp74.top\/?s={search_term_string}\"},\"query-input\":{\"@type\":\"PropertyValueSpecification\",\"valueRequired\":true,\"valueName\":\"search_term_string\"}}],\"inLanguage\":\"ru-RU\"}]}<\/script>\n<!-- \/ Yoast SEO plugin. -->","yoast_head_json":{"title":"1xBet'te veri korumas\u0131: Ne yap\u0131yoruz?","description":"1xBet ki\u015fisel bilgilerinizi ve ki\u015fisel verilerinizi korumak i\u00e7in ne yapar?","robots":{"index":"index","follow":"follow","max-snippet":"max-snippet:-1","max-image-preview":"max-image-preview:large","max-video-preview":"max-video-preview:-1"},"canonical":"https:\/\/bk-site-amp74.top\/tr\/sirket-politikasi\/","og_locale":"ru_RU","og_type":"article","og_title":"1xBet'te veri korumas\u0131: Ne yap\u0131yoruz?","og_description":"1xBet ki\u015fisel bilgilerinizi ve ki\u015fisel verilerinizi korumak i\u00e7in ne yapar?","og_url":"https:\/\/bk-site-amp74.top\/tr\/sirket-politikasi\/","og_site_name":"1xBet \u041e\u0444\u0438\u0446\u0438\u0430\u043b\u044c\u043d\u044b\u0439 C\u0430\u0439\u0442","schema":{"@context":"https:\/\/schema.org","@graph":[{"@type":"WebPage","@id":"https:\/\/bk-site-amp74.top\/tr\/sirket-politikasi\/","url":"https:\/\/bk-site-amp74.top\/tr\/sirket-politikasi\/","name":"1xBet'te veri korumas\u0131: Ne yap\u0131yoruz?","isPartOf":{"@id":"https:\/\/bk-site-amp74.top\/#website"},"datePublished":"2026-02-09T06:28:24+00:00","description":"1xBet ki\u015fisel bilgilerinizi ve ki\u015fisel verilerinizi korumak i\u00e7in ne yapar?","breadcrumb":{"@id":"https:\/\/bk-site-amp74.top\/tr\/sirket-politikasi\/#breadcrumb"},"inLanguage":"ru-RU","potentialAction":[{"@type":"ReadAction","target":["https:\/\/bk-site-amp74.top\/tr\/sirket-politikasi\/"]}]},{"@type":"BreadcrumbList","@id":"https:\/\/bk-site-amp74.top\/tr\/sirket-politikasi\/#breadcrumb","itemListElement":[{"@type":"ListItem","position":1,"name":"1\u0445\u0431\u0435\u0442","item":"https:\/\/bk-site-amp74.top\/"},{"@type":"ListItem","position":2,"name":"\u015eirket politikas\u0131"}]},{"@type":"WebSite","@id":"https:\/\/bk-site-amp74.top\/#website","url":"https:\/\/bk-site-amp74.top\/","name":"1xbet","description":"","alternateName":"1\u0445\u0431\u0435\u0442","potentialAction":[{"@type":"SearchAction","target":{"@type":"EntryPoint","urlTemplate":"https:\/\/bk-site-amp74.top\/?s={search_term_string}"},"query-input":{"@type":"PropertyValueSpecification","valueRequired":true,"valueName":"search_term_string"}}],"inLanguage":"ru-RU"}]}},"amp_enabled":true,"_links":{"self":[{"href":"https:\/\/bk-site-amp74.top\/wp-json\/wp\/v2\/pages\/3101","targetHints":{"allow":["GET"]}}],"collection":[{"href":"https:\/\/bk-site-amp74.top\/wp-json\/wp\/v2\/pages"}],"about":[{"href":"https:\/\/bk-site-amp74.top\/wp-json\/wp\/v2\/types\/page"}],"author":[{"embeddable":true,"href":"https:\/\/bk-site-amp74.top\/wp-json\/wp\/v2\/users\/1"}],"replies":[{"embeddable":true,"href":"https:\/\/bk-site-amp74.top\/wp-json\/wp\/v2\/comments?post=3101"}],"version-history":[{"count":1,"href":"https:\/\/bk-site-amp74.top\/wp-json\/wp\/v2\/pages\/3101\/revisions"}],"predecessor-version":[{"id":3102,"href":"https:\/\/bk-site-amp74.top\/wp-json\/wp\/v2\/pages\/3101\/revisions\/3102"}],"wp:attachment":[{"href":"https:\/\/bk-site-amp74.top\/wp-json\/wp\/v2\/media?parent=3101"}],"curies":[{"name":"wp","href":"https:\/\/api.w.org\/{rel}","templated":true}]}}