{"id":3210,"date":"2026-02-09T16:00:18","date_gmt":"2026-02-09T14:00:18","guid":{"rendered":"https:\/\/bk-site-amp74.top\/?page_id=3210"},"modified":"2026-02-09T16:00:18","modified_gmt":"2026-02-09T14:00:18","slug":"canli-bahis","status":"publish","type":"page","link":"https:\/\/bk-site-amp74.top\/tr\/canli-bahis\/","title":{"rendered":"Canl\u0131 bahis"},"content":{"rendered":"","protected":false},"excerpt":{"rendered":"","protected":false},"author":1,"featured_media":0,"parent":0,"menu_order":0,"comment_status":"closed","ping_status":"closed","template":"home-new.php","meta":{"_acf_changed":false,"footnotes":""},"class_list":["post-3210","page","type-page","status-publish","hentry"],"acf":[],"yoast_head":"<!-- This site is optimized with the Yoast SEO plugin v26.9 - https:\/\/yoast.com\/product\/yoast-seo-wordpress\/ -->\n<title>Canl\u0131 spor bahisleri: dinamik ve heyecan verici<\/title>\n<meta name=\"description\" content=\"Canl\u0131 spor bahisleri yap\u0131n: dinamikler, oranlarda beklenmedik de\u011fi\u015fiklikler, heyecan ve adrenalin. 1xBet&#039;te analiz yap\u0131n ve tahminlerde bulunun \u2013 sitedeki durum size bunu s\u00f6yleyecektir.\" \/>\n<meta name=\"robots\" content=\"index, follow, max-snippet:-1, max-image-preview:large, max-video-preview:-1\" \/>\n<link rel=\"canonical\" href=\"https:\/\/bk-site-amp74.top\/tr\/canli-bahis\/\" \/>\n<meta property=\"og:locale\" content=\"ru_RU\" \/>\n<meta property=\"og:type\" content=\"article\" \/>\n<meta property=\"og:title\" content=\"Canl\u0131 spor bahisleri: dinamik ve heyecan verici\" \/>\n<meta property=\"og:description\" content=\"Canl\u0131 spor bahisleri yap\u0131n: dinamikler, oranlarda beklenmedik de\u011fi\u015fiklikler, heyecan ve adrenalin. 1xBet&#039;te analiz yap\u0131n ve tahminlerde bulunun \u2013 sitedeki durum size bunu s\u00f6yleyecektir.\" \/>\n<meta property=\"og:url\" content=\"https:\/\/bk-site-amp74.top\/tr\/canli-bahis\/\" \/>\n<meta property=\"og:site_name\" content=\"1xBet \u041e\u0444\u0438\u0446\u0438\u0430\u043b\u044c\u043d\u044b\u0439 C\u0430\u0439\u0442\" \/>\n<script type=\"application\/ld+json\" class=\"yoast-schema-graph\">{\"@context\":\"https:\/\/schema.org\",\"@graph\":[{\"@type\":\"WebPage\",\"@id\":\"https:\/\/bk-site-amp74.top\/tr\/canli-bahis\/\",\"url\":\"https:\/\/bk-site-amp74.top\/tr\/canli-bahis\/\",\"name\":\"Canl\u0131 spor bahisleri: dinamik ve heyecan verici\",\"isPartOf\":{\"@id\":\"https:\/\/bk-site-amp74.top\/#website\"},\"datePublished\":\"2026-02-09T14:00:18+00:00\",\"description\":\"Canl\u0131 spor bahisleri yap\u0131n: dinamikler, oranlarda beklenmedik de\u011fi\u015fiklikler, heyecan ve adrenalin. 1xBet'te analiz yap\u0131n ve tahminlerde bulunun \u2013 sitedeki durum size bunu s\u00f6yleyecektir.\",\"breadcrumb\":{\"@id\":\"https:\/\/bk-site-amp74.top\/tr\/canli-bahis\/#breadcrumb\"},\"inLanguage\":\"ru-RU\",\"potentialAction\":[{\"@type\":\"ReadAction\",\"target\":[\"https:\/\/bk-site-amp74.top\/tr\/canli-bahis\/\"]}]},{\"@type\":\"BreadcrumbList\",\"@id\":\"https:\/\/bk-site-amp74.top\/tr\/canli-bahis\/#breadcrumb\",\"itemListElement\":[{\"@type\":\"ListItem\",\"position\":1,\"name\":\"1\u0445\u0431\u0435\u0442\",\"item\":\"https:\/\/bk-site-amp74.top\/\"},{\"@type\":\"ListItem\",\"position\":2,\"name\":\"Canl\u0131 bahis\"}]},{\"@type\":\"WebSite\",\"@id\":\"https:\/\/bk-site-amp74.top\/#website\",\"url\":\"https:\/\/bk-site-amp74.top\/\",\"name\":\"1xbet\",\"description\":\"\",\"alternateName\":\"1\u0445\u0431\u0435\u0442\",\"potentialAction\":[{\"@type\":\"SearchAction\",\"target\":{\"@type\":\"EntryPoint\",\"urlTemplate\":\"https:\/\/bk-site-amp74.top\/?s={search_term_string}\"},\"query-input\":{\"@type\":\"PropertyValueSpecification\",\"valueRequired\":true,\"valueName\":\"search_term_string\"}}],\"inLanguage\":\"ru-RU\"}]}<\/script>\n<!-- \/ Yoast SEO plugin. -->","yoast_head_json":{"title":"Canl\u0131 spor bahisleri: dinamik ve heyecan verici","description":"Canl\u0131 spor bahisleri yap\u0131n: dinamikler, oranlarda beklenmedik de\u011fi\u015fiklikler, heyecan ve adrenalin. 1xBet'te analiz yap\u0131n ve tahminlerde bulunun \u2013 sitedeki durum size bunu s\u00f6yleyecektir.","robots":{"index":"index","follow":"follow","max-snippet":"max-snippet:-1","max-image-preview":"max-image-preview:large","max-video-preview":"max-video-preview:-1"},"canonical":"https:\/\/bk-site-amp74.top\/tr\/canli-bahis\/","og_locale":"ru_RU","og_type":"article","og_title":"Canl\u0131 spor bahisleri: dinamik ve heyecan verici","og_description":"Canl\u0131 spor bahisleri yap\u0131n: dinamikler, oranlarda beklenmedik de\u011fi\u015fiklikler, heyecan ve adrenalin. 1xBet'te analiz yap\u0131n ve tahminlerde bulunun \u2013 sitedeki durum size bunu s\u00f6yleyecektir.","og_url":"https:\/\/bk-site-amp74.top\/tr\/canli-bahis\/","og_site_name":"1xBet \u041e\u0444\u0438\u0446\u0438\u0430\u043b\u044c\u043d\u044b\u0439 C\u0430\u0439\u0442","schema":{"@context":"https:\/\/schema.org","@graph":[{"@type":"WebPage","@id":"https:\/\/bk-site-amp74.top\/tr\/canli-bahis\/","url":"https:\/\/bk-site-amp74.top\/tr\/canli-bahis\/","name":"Canl\u0131 spor bahisleri: dinamik ve heyecan verici","isPartOf":{"@id":"https:\/\/bk-site-amp74.top\/#website"},"datePublished":"2026-02-09T14:00:18+00:00","description":"Canl\u0131 spor bahisleri yap\u0131n: dinamikler, oranlarda beklenmedik de\u011fi\u015fiklikler, heyecan ve adrenalin. 1xBet'te analiz yap\u0131n ve tahminlerde bulunun \u2013 sitedeki durum size bunu s\u00f6yleyecektir.","breadcrumb":{"@id":"https:\/\/bk-site-amp74.top\/tr\/canli-bahis\/#breadcrumb"},"inLanguage":"ru-RU","potentialAction":[{"@type":"ReadAction","target":["https:\/\/bk-site-amp74.top\/tr\/canli-bahis\/"]}]},{"@type":"BreadcrumbList","@id":"https:\/\/bk-site-amp74.top\/tr\/canli-bahis\/#breadcrumb","itemListElement":[{"@type":"ListItem","position":1,"name":"1\u0445\u0431\u0435\u0442","item":"https:\/\/bk-site-amp74.top\/"},{"@type":"ListItem","position":2,"name":"Canl\u0131 bahis"}]},{"@type":"WebSite","@id":"https:\/\/bk-site-amp74.top\/#website","url":"https:\/\/bk-site-amp74.top\/","name":"1xbet","description":"","alternateName":"1\u0445\u0431\u0435\u0442","potentialAction":[{"@type":"SearchAction","target":{"@type":"EntryPoint","urlTemplate":"https:\/\/bk-site-amp74.top\/?s={search_term_string}"},"query-input":{"@type":"PropertyValueSpecification","valueRequired":true,"valueName":"search_term_string"}}],"inLanguage":"ru-RU"}]}},"amp_enabled":true,"_links":{"self":[{"href":"https:\/\/bk-site-amp74.top\/wp-json\/wp\/v2\/pages\/3210","targetHints":{"allow":["GET"]}}],"collection":[{"href":"https:\/\/bk-site-amp74.top\/wp-json\/wp\/v2\/pages"}],"about":[{"href":"https:\/\/bk-site-amp74.top\/wp-json\/wp\/v2\/types\/page"}],"author":[{"embeddable":true,"href":"https:\/\/bk-site-amp74.top\/wp-json\/wp\/v2\/users\/1"}],"replies":[{"embeddable":true,"href":"https:\/\/bk-site-amp74.top\/wp-json\/wp\/v2\/comments?post=3210"}],"version-history":[{"count":1,"href":"https:\/\/bk-site-amp74.top\/wp-json\/wp\/v2\/pages\/3210\/revisions"}],"predecessor-version":[{"id":3211,"href":"https:\/\/bk-site-amp74.top\/wp-json\/wp\/v2\/pages\/3210\/revisions\/3211"}],"wp:attachment":[{"href":"https:\/\/bk-site-amp74.top\/wp-json\/wp\/v2\/media?parent=3210"}],"curies":[{"name":"wp","href":"https:\/\/api.w.org\/{rel}","templated":true}]}}