{"id":3239,"date":"2026-02-09T16:54:46","date_gmt":"2026-02-09T14:54:46","guid":{"rendered":"https:\/\/bk-site-amp74.top\/?page_id=3239"},"modified":"2026-02-09T16:54:46","modified_gmt":"2026-02-09T14:54:46","slug":"bookmaker-tr","status":"publish","type":"page","link":"https:\/\/bk-site-amp74.top\/tr\/bookmaker-tr\/","title":{"rendered":"Bookmaker-tr"},"content":{"rendered":"","protected":false},"excerpt":{"rendered":"","protected":false},"author":1,"featured_media":0,"parent":0,"menu_order":0,"comment_status":"closed","ping_status":"closed","template":"home-new.php","meta":{"_acf_changed":false,"footnotes":""},"class_list":["post-3239","page","type-page","status-publish","hentry"],"acf":[],"yoast_head":"<!-- This site is optimized with the Yoast SEO plugin v26.9 - https:\/\/yoast.com\/product\/yoast-seo-wordpress\/ -->\n<title>T\u00fcrkiye bahis\u00e7ileri: do\u011fru olan\u0131 nas\u0131l bulabilirim?<\/title>\n<meta name=\"description\" content=\"T\u00fcrkiye bahis\u00e7ileri ne sunuyor: bahis i\u00e7in pop\u00fcler sporlar? T\u00fcrkiye&#039;deki bahis\u00e7ilerin \u00e7al\u0131\u015fmalar\u0131n\u0131n \u00f6zellikleri. Bahis i\u00e7in do\u011fru bahis\u00e7iyi nas\u0131l se\u00e7ersiniz ve hangi platforma g\u00fcvenebilirsiniz?\" \/>\n<meta name=\"robots\" content=\"index, follow, max-snippet:-1, max-image-preview:large, max-video-preview:-1\" \/>\n<link rel=\"canonical\" href=\"https:\/\/bk-site-amp74.top\/tr\/bookmaker-tr\/\" \/>\n<meta property=\"og:locale\" content=\"ru_RU\" \/>\n<meta property=\"og:type\" content=\"article\" \/>\n<meta property=\"og:title\" content=\"T\u00fcrkiye bahis\u00e7ileri: do\u011fru olan\u0131 nas\u0131l bulabilirim?\" \/>\n<meta property=\"og:description\" content=\"T\u00fcrkiye bahis\u00e7ileri ne sunuyor: bahis i\u00e7in pop\u00fcler sporlar? T\u00fcrkiye&#039;deki bahis\u00e7ilerin \u00e7al\u0131\u015fmalar\u0131n\u0131n \u00f6zellikleri. Bahis i\u00e7in do\u011fru bahis\u00e7iyi nas\u0131l se\u00e7ersiniz ve hangi platforma g\u00fcvenebilirsiniz?\" \/>\n<meta property=\"og:url\" content=\"https:\/\/bk-site-amp74.top\/tr\/bookmaker-tr\/\" \/>\n<meta property=\"og:site_name\" content=\"1xBet \u041e\u0444\u0438\u0446\u0438\u0430\u043b\u044c\u043d\u044b\u0439 C\u0430\u0439\u0442\" \/>\n<script type=\"application\/ld+json\" class=\"yoast-schema-graph\">{\"@context\":\"https:\/\/schema.org\",\"@graph\":[{\"@type\":\"WebPage\",\"@id\":\"https:\/\/bk-site-amp74.top\/tr\/bookmaker-tr\/\",\"url\":\"https:\/\/bk-site-amp74.top\/tr\/bookmaker-tr\/\",\"name\":\"T\u00fcrkiye bahis\u00e7ileri: do\u011fru olan\u0131 nas\u0131l bulabilirim?\",\"isPartOf\":{\"@id\":\"https:\/\/bk-site-amp74.top\/#website\"},\"datePublished\":\"2026-02-09T14:54:46+00:00\",\"description\":\"T\u00fcrkiye bahis\u00e7ileri ne sunuyor: bahis i\u00e7in pop\u00fcler sporlar? T\u00fcrkiye'deki bahis\u00e7ilerin \u00e7al\u0131\u015fmalar\u0131n\u0131n \u00f6zellikleri. Bahis i\u00e7in do\u011fru bahis\u00e7iyi nas\u0131l se\u00e7ersiniz ve hangi platforma g\u00fcvenebilirsiniz?\",\"breadcrumb\":{\"@id\":\"https:\/\/bk-site-amp74.top\/tr\/bookmaker-tr\/#breadcrumb\"},\"inLanguage\":\"ru-RU\",\"potentialAction\":[{\"@type\":\"ReadAction\",\"target\":[\"https:\/\/bk-site-amp74.top\/tr\/bookmaker-tr\/\"]}]},{\"@type\":\"BreadcrumbList\",\"@id\":\"https:\/\/bk-site-amp74.top\/tr\/bookmaker-tr\/#breadcrumb\",\"itemListElement\":[{\"@type\":\"ListItem\",\"position\":1,\"name\":\"1\u0445\u0431\u0435\u0442\",\"item\":\"https:\/\/bk-site-amp74.top\/\"},{\"@type\":\"ListItem\",\"position\":2,\"name\":\"Bookmaker-tr\"}]},{\"@type\":\"WebSite\",\"@id\":\"https:\/\/bk-site-amp74.top\/#website\",\"url\":\"https:\/\/bk-site-amp74.top\/\",\"name\":\"1xbet\",\"description\":\"\",\"alternateName\":\"1\u0445\u0431\u0435\u0442\",\"potentialAction\":[{\"@type\":\"SearchAction\",\"target\":{\"@type\":\"EntryPoint\",\"urlTemplate\":\"https:\/\/bk-site-amp74.top\/?s={search_term_string}\"},\"query-input\":{\"@type\":\"PropertyValueSpecification\",\"valueRequired\":true,\"valueName\":\"search_term_string\"}}],\"inLanguage\":\"ru-RU\"}]}<\/script>\n<!-- \/ Yoast SEO plugin. -->","yoast_head_json":{"title":"T\u00fcrkiye bahis\u00e7ileri: do\u011fru olan\u0131 nas\u0131l bulabilirim?","description":"T\u00fcrkiye bahis\u00e7ileri ne sunuyor: bahis i\u00e7in pop\u00fcler sporlar? T\u00fcrkiye'deki bahis\u00e7ilerin \u00e7al\u0131\u015fmalar\u0131n\u0131n \u00f6zellikleri. Bahis i\u00e7in do\u011fru bahis\u00e7iyi nas\u0131l se\u00e7ersiniz ve hangi platforma g\u00fcvenebilirsiniz?","robots":{"index":"index","follow":"follow","max-snippet":"max-snippet:-1","max-image-preview":"max-image-preview:large","max-video-preview":"max-video-preview:-1"},"canonical":"https:\/\/bk-site-amp74.top\/tr\/bookmaker-tr\/","og_locale":"ru_RU","og_type":"article","og_title":"T\u00fcrkiye bahis\u00e7ileri: do\u011fru olan\u0131 nas\u0131l bulabilirim?","og_description":"T\u00fcrkiye bahis\u00e7ileri ne sunuyor: bahis i\u00e7in pop\u00fcler sporlar? T\u00fcrkiye'deki bahis\u00e7ilerin \u00e7al\u0131\u015fmalar\u0131n\u0131n \u00f6zellikleri. Bahis i\u00e7in do\u011fru bahis\u00e7iyi nas\u0131l se\u00e7ersiniz ve hangi platforma g\u00fcvenebilirsiniz?","og_url":"https:\/\/bk-site-amp74.top\/tr\/bookmaker-tr\/","og_site_name":"1xBet \u041e\u0444\u0438\u0446\u0438\u0430\u043b\u044c\u043d\u044b\u0439 C\u0430\u0439\u0442","schema":{"@context":"https:\/\/schema.org","@graph":[{"@type":"WebPage","@id":"https:\/\/bk-site-amp74.top\/tr\/bookmaker-tr\/","url":"https:\/\/bk-site-amp74.top\/tr\/bookmaker-tr\/","name":"T\u00fcrkiye bahis\u00e7ileri: do\u011fru olan\u0131 nas\u0131l bulabilirim?","isPartOf":{"@id":"https:\/\/bk-site-amp74.top\/#website"},"datePublished":"2026-02-09T14:54:46+00:00","description":"T\u00fcrkiye bahis\u00e7ileri ne sunuyor: bahis i\u00e7in pop\u00fcler sporlar? T\u00fcrkiye'deki bahis\u00e7ilerin \u00e7al\u0131\u015fmalar\u0131n\u0131n \u00f6zellikleri. Bahis i\u00e7in do\u011fru bahis\u00e7iyi nas\u0131l se\u00e7ersiniz ve hangi platforma g\u00fcvenebilirsiniz?","breadcrumb":{"@id":"https:\/\/bk-site-amp74.top\/tr\/bookmaker-tr\/#breadcrumb"},"inLanguage":"ru-RU","potentialAction":[{"@type":"ReadAction","target":["https:\/\/bk-site-amp74.top\/tr\/bookmaker-tr\/"]}]},{"@type":"BreadcrumbList","@id":"https:\/\/bk-site-amp74.top\/tr\/bookmaker-tr\/#breadcrumb","itemListElement":[{"@type":"ListItem","position":1,"name":"1\u0445\u0431\u0435\u0442","item":"https:\/\/bk-site-amp74.top\/"},{"@type":"ListItem","position":2,"name":"Bookmaker-tr"}]},{"@type":"WebSite","@id":"https:\/\/bk-site-amp74.top\/#website","url":"https:\/\/bk-site-amp74.top\/","name":"1xbet","description":"","alternateName":"1\u0445\u0431\u0435\u0442","potentialAction":[{"@type":"SearchAction","target":{"@type":"EntryPoint","urlTemplate":"https:\/\/bk-site-amp74.top\/?s={search_term_string}"},"query-input":{"@type":"PropertyValueSpecification","valueRequired":true,"valueName":"search_term_string"}}],"inLanguage":"ru-RU"}]}},"amp_enabled":true,"_links":{"self":[{"href":"https:\/\/bk-site-amp74.top\/wp-json\/wp\/v2\/pages\/3239","targetHints":{"allow":["GET"]}}],"collection":[{"href":"https:\/\/bk-site-amp74.top\/wp-json\/wp\/v2\/pages"}],"about":[{"href":"https:\/\/bk-site-amp74.top\/wp-json\/wp\/v2\/types\/page"}],"author":[{"embeddable":true,"href":"https:\/\/bk-site-amp74.top\/wp-json\/wp\/v2\/users\/1"}],"replies":[{"embeddable":true,"href":"https:\/\/bk-site-amp74.top\/wp-json\/wp\/v2\/comments?post=3239"}],"version-history":[{"count":1,"href":"https:\/\/bk-site-amp74.top\/wp-json\/wp\/v2\/pages\/3239\/revisions"}],"predecessor-version":[{"id":3240,"href":"https:\/\/bk-site-amp74.top\/wp-json\/wp\/v2\/pages\/3239\/revisions\/3240"}],"wp:attachment":[{"href":"https:\/\/bk-site-amp74.top\/wp-json\/wp\/v2\/media?parent=3239"}],"curies":[{"name":"wp","href":"https:\/\/api.w.org\/{rel}","templated":true}]}}