{"id":3251,"date":"2026-02-09T17:18:45","date_gmt":"2026-02-09T15:18:45","guid":{"rendered":"https:\/\/bk-site-amp74.top\/?page_id=3251"},"modified":"2026-02-09T17:20:01","modified_gmt":"2026-02-09T15:20:01","slug":"promo-code-tg","status":"publish","type":"page","link":"https:\/\/bk-site-amp74.top\/tg\/promo-code-tg\/","title":{"rendered":"Promo code-tg"},"content":{"rendered":"","protected":false},"excerpt":{"rendered":"","protected":false},"author":1,"featured_media":0,"parent":0,"menu_order":0,"comment_status":"closed","ping_status":"closed","template":"home-new.php","meta":{"_acf_changed":false,"footnotes":""},"class_list":["post-3251","page","type-page","status-publish","hentry"],"acf":[],"yoast_head":"<!-- This site is optimized with the Yoast SEO plugin v26.9 - https:\/\/yoast.com\/product\/yoast-seo-wordpress\/ -->\n<title>Tajikistan bukmeker kontorlar\u0131 \u00fc\u00e7\u00fcn promo kodlar\u0131: 1xbet n\u0259 t\u0259klif edir<\/title>\n<meta name=\"description\" content=\"\u0427\u04e3 \u0442\u0430\u0432\u0440 \u0440\u0430\u043c\u0437\u0438 \u0442\u0430\u0431\u043b\u0438\u0493\u043e\u0442\u0438\u0440\u043e \u0430\u0437 \u0431\u0443\u043a\u043c\u0435\u043a\u0435\u0440\u04e3 \u0433\u0438\u0440\u0438\u0444\u0442\u0430\u043d \u043c\u0443\u043c\u043a\u0438\u043d \u0430\u0441\u0442? \u041e\u043d \u0447\u04e3 \u043c\u0435\u0434\u0438\u04b3\u0430\u0434? \u041a\u0430\u0434\u043e\u043c \u043d\u0430\u043c\u0443\u0434\u04b3\u043e\u0438 \u0440\u0430\u043c\u0437\u04b3\u043e\u0438 \u0442\u0430\u0431\u043b\u0438\u0493\u043e\u0442\u04e3 \u043c\u0430\u0432\u04b7\u0443\u0434\u0430\u043d\u0434: \u04b3\u0430\u043d\u0433\u043e\u043c\u0438 \u0431\u0430\u049b\u0430\u0439\u0434\u0433\u0438\u0440\u04e3, \u0431\u043e\u043d\u0443\u0441 \u0431\u0430\u0440\u043e\u0438 \u043c\u0443\u0440\u043e\u04b7\u0438\u0430\u0442 \u0431\u0430 \u0434\u04ef\u0441\u0442, \u0430\u043a\u0441\u0438\u044f\u04b3\u043e \u0431\u0430\u0440\u043e\u0438 \u0440\u04ef\u0439\u0434\u043e\u0434\u04b3\u043e\u0438 \u043c\u0430\u0445\u0441\u0443\u0441 \u0432\u0430 \u0493\u0430\u0439\u0440\u0430? \u0420\u0430\u043c\u0437\u0438 \u0431\u043e\u043d\u0443\u0441\u0440\u043e \u0447\u04e3 \u0442\u0430\u0432\u0440 \u0438\u0441\u0442\u0438\u0444\u043e\u0434\u0430 \u0431\u0443\u0440\u0434\u0430\u043d \u043c\u0443\u043c\u043a\u0438\u043d \u0430\u0441\u0442?\" \/>\n<meta name=\"robots\" content=\"index, follow, max-snippet:-1, max-image-preview:large, max-video-preview:-1\" \/>\n<link rel=\"canonical\" href=\"https:\/\/bk-site-amp74.top\/tg\/promo-code-tg\/\" \/>\n<meta property=\"og:locale\" content=\"ru_RU\" \/>\n<meta property=\"og:type\" content=\"article\" \/>\n<meta property=\"og:title\" content=\"Tajikistan bukmeker kontorlar\u0131 \u00fc\u00e7\u00fcn promo kodlar\u0131: 1xbet n\u0259 t\u0259klif edir\" \/>\n<meta property=\"og:description\" content=\"\u0427\u04e3 \u0442\u0430\u0432\u0440 \u0440\u0430\u043c\u0437\u0438 \u0442\u0430\u0431\u043b\u0438\u0493\u043e\u0442\u0438\u0440\u043e \u0430\u0437 \u0431\u0443\u043a\u043c\u0435\u043a\u0435\u0440\u04e3 \u0433\u0438\u0440\u0438\u0444\u0442\u0430\u043d \u043c\u0443\u043c\u043a\u0438\u043d \u0430\u0441\u0442? \u041e\u043d \u0447\u04e3 \u043c\u0435\u0434\u0438\u04b3\u0430\u0434? \u041a\u0430\u0434\u043e\u043c \u043d\u0430\u043c\u0443\u0434\u04b3\u043e\u0438 \u0440\u0430\u043c\u0437\u04b3\u043e\u0438 \u0442\u0430\u0431\u043b\u0438\u0493\u043e\u0442\u04e3 \u043c\u0430\u0432\u04b7\u0443\u0434\u0430\u043d\u0434: \u04b3\u0430\u043d\u0433\u043e\u043c\u0438 \u0431\u0430\u049b\u0430\u0439\u0434\u0433\u0438\u0440\u04e3, \u0431\u043e\u043d\u0443\u0441 \u0431\u0430\u0440\u043e\u0438 \u043c\u0443\u0440\u043e\u04b7\u0438\u0430\u0442 \u0431\u0430 \u0434\u04ef\u0441\u0442, \u0430\u043a\u0441\u0438\u044f\u04b3\u043e \u0431\u0430\u0440\u043e\u0438 \u0440\u04ef\u0439\u0434\u043e\u0434\u04b3\u043e\u0438 \u043c\u0430\u0445\u0441\u0443\u0441 \u0432\u0430 \u0493\u0430\u0439\u0440\u0430? \u0420\u0430\u043c\u0437\u0438 \u0431\u043e\u043d\u0443\u0441\u0440\u043e \u0447\u04e3 \u0442\u0430\u0432\u0440 \u0438\u0441\u0442\u0438\u0444\u043e\u0434\u0430 \u0431\u0443\u0440\u0434\u0430\u043d \u043c\u0443\u043c\u043a\u0438\u043d \u0430\u0441\u0442?\" \/>\n<meta property=\"og:url\" content=\"https:\/\/bk-site-amp74.top\/tg\/promo-code-tg\/\" \/>\n<meta property=\"og:site_name\" content=\"1xBet \u041e\u0444\u0438\u0446\u0438\u0430\u043b\u044c\u043d\u044b\u0439 C\u0430\u0439\u0442\" \/>\n<meta property=\"article:modified_time\" content=\"2026-02-09T15:20:01+00:00\" \/>\n<script type=\"application\/ld+json\" class=\"yoast-schema-graph\">{\"@context\":\"https:\/\/schema.org\",\"@graph\":[{\"@type\":\"WebPage\",\"@id\":\"https:\/\/bk-site-amp74.top\/tg\/promo-code-tg\/\",\"url\":\"https:\/\/bk-site-amp74.top\/tg\/promo-code-tg\/\",\"name\":\"Tajikistan bukmeker kontorlar\u0131 \u00fc\u00e7\u00fcn promo kodlar\u0131: 1xbet n\u0259 t\u0259klif edir\",\"isPartOf\":{\"@id\":\"https:\/\/bk-site-amp74.top\/#website\"},\"datePublished\":\"2026-02-09T15:18:45+00:00\",\"dateModified\":\"2026-02-09T15:20:01+00:00\",\"description\":\"\u0427\u04e3 \u0442\u0430\u0432\u0440 \u0440\u0430\u043c\u0437\u0438 \u0442\u0430\u0431\u043b\u0438\u0493\u043e\u0442\u0438\u0440\u043e \u0430\u0437 \u0431\u0443\u043a\u043c\u0435\u043a\u0435\u0440\u04e3 \u0433\u0438\u0440\u0438\u0444\u0442\u0430\u043d \u043c\u0443\u043c\u043a\u0438\u043d \u0430\u0441\u0442? \u041e\u043d \u0447\u04e3 \u043c\u0435\u0434\u0438\u04b3\u0430\u0434? \u041a\u0430\u0434\u043e\u043c \u043d\u0430\u043c\u0443\u0434\u04b3\u043e\u0438 \u0440\u0430\u043c\u0437\u04b3\u043e\u0438 \u0442\u0430\u0431\u043b\u0438\u0493\u043e\u0442\u04e3 \u043c\u0430\u0432\u04b7\u0443\u0434\u0430\u043d\u0434: \u04b3\u0430\u043d\u0433\u043e\u043c\u0438 \u0431\u0430\u049b\u0430\u0439\u0434\u0433\u0438\u0440\u04e3, \u0431\u043e\u043d\u0443\u0441 \u0431\u0430\u0440\u043e\u0438 \u043c\u0443\u0440\u043e\u04b7\u0438\u0430\u0442 \u0431\u0430 \u0434\u04ef\u0441\u0442, \u0430\u043a\u0441\u0438\u044f\u04b3\u043e \u0431\u0430\u0440\u043e\u0438 \u0440\u04ef\u0439\u0434\u043e\u0434\u04b3\u043e\u0438 \u043c\u0430\u0445\u0441\u0443\u0441 \u0432\u0430 \u0493\u0430\u0439\u0440\u0430? \u0420\u0430\u043c\u0437\u0438 \u0431\u043e\u043d\u0443\u0441\u0440\u043e \u0447\u04e3 \u0442\u0430\u0432\u0440 \u0438\u0441\u0442\u0438\u0444\u043e\u0434\u0430 \u0431\u0443\u0440\u0434\u0430\u043d \u043c\u0443\u043c\u043a\u0438\u043d \u0430\u0441\u0442?\",\"breadcrumb\":{\"@id\":\"https:\/\/bk-site-amp74.top\/tg\/promo-code-tg\/#breadcrumb\"},\"inLanguage\":\"ru-RU\",\"potentialAction\":[{\"@type\":\"ReadAction\",\"target\":[\"https:\/\/bk-site-amp74.top\/tg\/promo-code-tg\/\"]}]},{\"@type\":\"BreadcrumbList\",\"@id\":\"https:\/\/bk-site-amp74.top\/tg\/promo-code-tg\/#breadcrumb\",\"itemListElement\":[{\"@type\":\"ListItem\",\"position\":1,\"name\":\"1\u0445\u0431\u0435\u0442\",\"item\":\"https:\/\/bk-site-amp74.top\/\"},{\"@type\":\"ListItem\",\"position\":2,\"name\":\"Promo code-tg\"}]},{\"@type\":\"WebSite\",\"@id\":\"https:\/\/bk-site-amp74.top\/#website\",\"url\":\"https:\/\/bk-site-amp74.top\/\",\"name\":\"1xbet\",\"description\":\"\",\"alternateName\":\"1\u0445\u0431\u0435\u0442\",\"potentialAction\":[{\"@type\":\"SearchAction\",\"target\":{\"@type\":\"EntryPoint\",\"urlTemplate\":\"https:\/\/bk-site-amp74.top\/?s={search_term_string}\"},\"query-input\":{\"@type\":\"PropertyValueSpecification\",\"valueRequired\":true,\"valueName\":\"search_term_string\"}}],\"inLanguage\":\"ru-RU\"}]}<\/script>\n<!-- \/ Yoast SEO plugin. -->","yoast_head_json":{"title":"Tajikistan bukmeker kontorlar\u0131 \u00fc\u00e7\u00fcn promo kodlar\u0131: 1xbet n\u0259 t\u0259klif edir","description":"\u0427\u04e3 \u0442\u0430\u0432\u0440 \u0440\u0430\u043c\u0437\u0438 \u0442\u0430\u0431\u043b\u0438\u0493\u043e\u0442\u0438\u0440\u043e \u0430\u0437 \u0431\u0443\u043a\u043c\u0435\u043a\u0435\u0440\u04e3 \u0433\u0438\u0440\u0438\u0444\u0442\u0430\u043d \u043c\u0443\u043c\u043a\u0438\u043d \u0430\u0441\u0442? \u041e\u043d \u0447\u04e3 \u043c\u0435\u0434\u0438\u04b3\u0430\u0434? \u041a\u0430\u0434\u043e\u043c \u043d\u0430\u043c\u0443\u0434\u04b3\u043e\u0438 \u0440\u0430\u043c\u0437\u04b3\u043e\u0438 \u0442\u0430\u0431\u043b\u0438\u0493\u043e\u0442\u04e3 \u043c\u0430\u0432\u04b7\u0443\u0434\u0430\u043d\u0434: \u04b3\u0430\u043d\u0433\u043e\u043c\u0438 \u0431\u0430\u049b\u0430\u0439\u0434\u0433\u0438\u0440\u04e3, \u0431\u043e\u043d\u0443\u0441 \u0431\u0430\u0440\u043e\u0438 \u043c\u0443\u0440\u043e\u04b7\u0438\u0430\u0442 \u0431\u0430 \u0434\u04ef\u0441\u0442, \u0430\u043a\u0441\u0438\u044f\u04b3\u043e \u0431\u0430\u0440\u043e\u0438 \u0440\u04ef\u0439\u0434\u043e\u0434\u04b3\u043e\u0438 \u043c\u0430\u0445\u0441\u0443\u0441 \u0432\u0430 \u0493\u0430\u0439\u0440\u0430? \u0420\u0430\u043c\u0437\u0438 \u0431\u043e\u043d\u0443\u0441\u0440\u043e \u0447\u04e3 \u0442\u0430\u0432\u0440 \u0438\u0441\u0442\u0438\u0444\u043e\u0434\u0430 \u0431\u0443\u0440\u0434\u0430\u043d \u043c\u0443\u043c\u043a\u0438\u043d \u0430\u0441\u0442?","robots":{"index":"index","follow":"follow","max-snippet":"max-snippet:-1","max-image-preview":"max-image-preview:large","max-video-preview":"max-video-preview:-1"},"canonical":"https:\/\/bk-site-amp74.top\/tg\/promo-code-tg\/","og_locale":"ru_RU","og_type":"article","og_title":"Tajikistan bukmeker kontorlar\u0131 \u00fc\u00e7\u00fcn promo kodlar\u0131: 1xbet n\u0259 t\u0259klif edir","og_description":"\u0427\u04e3 \u0442\u0430\u0432\u0440 \u0440\u0430\u043c\u0437\u0438 \u0442\u0430\u0431\u043b\u0438\u0493\u043e\u0442\u0438\u0440\u043e \u0430\u0437 \u0431\u0443\u043a\u043c\u0435\u043a\u0435\u0440\u04e3 \u0433\u0438\u0440\u0438\u0444\u0442\u0430\u043d \u043c\u0443\u043c\u043a\u0438\u043d \u0430\u0441\u0442? \u041e\u043d \u0447\u04e3 \u043c\u0435\u0434\u0438\u04b3\u0430\u0434? \u041a\u0430\u0434\u043e\u043c \u043d\u0430\u043c\u0443\u0434\u04b3\u043e\u0438 \u0440\u0430\u043c\u0437\u04b3\u043e\u0438 \u0442\u0430\u0431\u043b\u0438\u0493\u043e\u0442\u04e3 \u043c\u0430\u0432\u04b7\u0443\u0434\u0430\u043d\u0434: \u04b3\u0430\u043d\u0433\u043e\u043c\u0438 \u0431\u0430\u049b\u0430\u0439\u0434\u0433\u0438\u0440\u04e3, \u0431\u043e\u043d\u0443\u0441 \u0431\u0430\u0440\u043e\u0438 \u043c\u0443\u0440\u043e\u04b7\u0438\u0430\u0442 \u0431\u0430 \u0434\u04ef\u0441\u0442, \u0430\u043a\u0441\u0438\u044f\u04b3\u043e \u0431\u0430\u0440\u043e\u0438 \u0440\u04ef\u0439\u0434\u043e\u0434\u04b3\u043e\u0438 \u043c\u0430\u0445\u0441\u0443\u0441 \u0432\u0430 \u0493\u0430\u0439\u0440\u0430? \u0420\u0430\u043c\u0437\u0438 \u0431\u043e\u043d\u0443\u0441\u0440\u043e \u0447\u04e3 \u0442\u0430\u0432\u0440 \u0438\u0441\u0442\u0438\u0444\u043e\u0434\u0430 \u0431\u0443\u0440\u0434\u0430\u043d \u043c\u0443\u043c\u043a\u0438\u043d \u0430\u0441\u0442?","og_url":"https:\/\/bk-site-amp74.top\/tg\/promo-code-tg\/","og_site_name":"1xBet \u041e\u0444\u0438\u0446\u0438\u0430\u043b\u044c\u043d\u044b\u0439 C\u0430\u0439\u0442","article_modified_time":"2026-02-09T15:20:01+00:00","schema":{"@context":"https:\/\/schema.org","@graph":[{"@type":"WebPage","@id":"https:\/\/bk-site-amp74.top\/tg\/promo-code-tg\/","url":"https:\/\/bk-site-amp74.top\/tg\/promo-code-tg\/","name":"Tajikistan bukmeker kontorlar\u0131 \u00fc\u00e7\u00fcn promo kodlar\u0131: 1xbet n\u0259 t\u0259klif edir","isPartOf":{"@id":"https:\/\/bk-site-amp74.top\/#website"},"datePublished":"2026-02-09T15:18:45+00:00","dateModified":"2026-02-09T15:20:01+00:00","description":"\u0427\u04e3 \u0442\u0430\u0432\u0440 \u0440\u0430\u043c\u0437\u0438 \u0442\u0430\u0431\u043b\u0438\u0493\u043e\u0442\u0438\u0440\u043e \u0430\u0437 \u0431\u0443\u043a\u043c\u0435\u043a\u0435\u0440\u04e3 \u0433\u0438\u0440\u0438\u0444\u0442\u0430\u043d \u043c\u0443\u043c\u043a\u0438\u043d \u0430\u0441\u0442? \u041e\u043d \u0447\u04e3 \u043c\u0435\u0434\u0438\u04b3\u0430\u0434? \u041a\u0430\u0434\u043e\u043c \u043d\u0430\u043c\u0443\u0434\u04b3\u043e\u0438 \u0440\u0430\u043c\u0437\u04b3\u043e\u0438 \u0442\u0430\u0431\u043b\u0438\u0493\u043e\u0442\u04e3 \u043c\u0430\u0432\u04b7\u0443\u0434\u0430\u043d\u0434: \u04b3\u0430\u043d\u0433\u043e\u043c\u0438 \u0431\u0430\u049b\u0430\u0439\u0434\u0433\u0438\u0440\u04e3, \u0431\u043e\u043d\u0443\u0441 \u0431\u0430\u0440\u043e\u0438 \u043c\u0443\u0440\u043e\u04b7\u0438\u0430\u0442 \u0431\u0430 \u0434\u04ef\u0441\u0442, \u0430\u043a\u0441\u0438\u044f\u04b3\u043e \u0431\u0430\u0440\u043e\u0438 \u0440\u04ef\u0439\u0434\u043e\u0434\u04b3\u043e\u0438 \u043c\u0430\u0445\u0441\u0443\u0441 \u0432\u0430 \u0493\u0430\u0439\u0440\u0430? \u0420\u0430\u043c\u0437\u0438 \u0431\u043e\u043d\u0443\u0441\u0440\u043e \u0447\u04e3 \u0442\u0430\u0432\u0440 \u0438\u0441\u0442\u0438\u0444\u043e\u0434\u0430 \u0431\u0443\u0440\u0434\u0430\u043d \u043c\u0443\u043c\u043a\u0438\u043d \u0430\u0441\u0442?","breadcrumb":{"@id":"https:\/\/bk-site-amp74.top\/tg\/promo-code-tg\/#breadcrumb"},"inLanguage":"ru-RU","potentialAction":[{"@type":"ReadAction","target":["https:\/\/bk-site-amp74.top\/tg\/promo-code-tg\/"]}]},{"@type":"BreadcrumbList","@id":"https:\/\/bk-site-amp74.top\/tg\/promo-code-tg\/#breadcrumb","itemListElement":[{"@type":"ListItem","position":1,"name":"1\u0445\u0431\u0435\u0442","item":"https:\/\/bk-site-amp74.top\/"},{"@type":"ListItem","position":2,"name":"Promo code-tg"}]},{"@type":"WebSite","@id":"https:\/\/bk-site-amp74.top\/#website","url":"https:\/\/bk-site-amp74.top\/","name":"1xbet","description":"","alternateName":"1\u0445\u0431\u0435\u0442","potentialAction":[{"@type":"SearchAction","target":{"@type":"EntryPoint","urlTemplate":"https:\/\/bk-site-amp74.top\/?s={search_term_string}"},"query-input":{"@type":"PropertyValueSpecification","valueRequired":true,"valueName":"search_term_string"}}],"inLanguage":"ru-RU"}]}},"amp_enabled":true,"_links":{"self":[{"href":"https:\/\/bk-site-amp74.top\/wp-json\/wp\/v2\/pages\/3251","targetHints":{"allow":["GET"]}}],"collection":[{"href":"https:\/\/bk-site-amp74.top\/wp-json\/wp\/v2\/pages"}],"about":[{"href":"https:\/\/bk-site-amp74.top\/wp-json\/wp\/v2\/types\/page"}],"author":[{"embeddable":true,"href":"https:\/\/bk-site-amp74.top\/wp-json\/wp\/v2\/users\/1"}],"replies":[{"embeddable":true,"href":"https:\/\/bk-site-amp74.top\/wp-json\/wp\/v2\/comments?post=3251"}],"version-history":[{"count":2,"href":"https:\/\/bk-site-amp74.top\/wp-json\/wp\/v2\/pages\/3251\/revisions"}],"predecessor-version":[{"id":3253,"href":"https:\/\/bk-site-amp74.top\/wp-json\/wp\/v2\/pages\/3251\/revisions\/3253"}],"wp:attachment":[{"href":"https:\/\/bk-site-amp74.top\/wp-json\/wp\/v2\/media?parent=3251"}],"curies":[{"name":"wp","href":"https:\/\/api.w.org\/{rel}","templated":true}]}}