{"id":3269,"date":"2026-02-09T18:08:16","date_gmt":"2026-02-09T16:08:16","guid":{"rendered":"https:\/\/bk-site-amp74.top\/?page_id=3269"},"modified":"2026-02-09T18:08:16","modified_gmt":"2026-02-09T16:08:16","slug":"freebet-tr","status":"publish","type":"page","link":"https:\/\/bk-site-amp74.top\/tr\/freebet-tr\/","title":{"rendered":"Freebet-tr"},"content":{"rendered":"","protected":false},"excerpt":{"rendered":"","protected":false},"author":1,"featured_media":0,"parent":0,"menu_order":0,"comment_status":"closed","ping_status":"closed","template":"home-new.php","meta":{"_acf_changed":false,"footnotes":""},"class_list":["post-3269","page","type-page","status-publish","hentry"],"acf":[],"yoast_head":"<!-- This site is optimized with the Yoast SEO plugin v26.9 - https:\/\/yoast.com\/product\/yoast-seo-wordpress\/ -->\n<title>G\u00fcvenilir bir bahis\u00e7iden bedava bahis neden bu kadar pop\u00fcler?<\/title>\n<meta name=\"description\" content=\"Profesyonel bir bahis \u015firketi, \u00f6nemli miktarda \u00fccretsiz bahis de dahil olmak \u00fczere \u00e7e\u015fitli bonus teklifleri sunar. Promosyon \u015fartlar\u0131n\u0131 yerine getirmek fazla zaman veya \u00e7aba gerektirmez\" \/>\n<meta name=\"robots\" content=\"index, follow, max-snippet:-1, max-image-preview:large, max-video-preview:-1\" \/>\n<link rel=\"canonical\" href=\"https:\/\/bk-site-amp74.top\/tr\/freebet-tr\/\" \/>\n<meta property=\"og:locale\" content=\"ru_RU\" \/>\n<meta property=\"og:type\" content=\"article\" \/>\n<meta property=\"og:title\" content=\"G\u00fcvenilir bir bahis\u00e7iden bedava bahis neden bu kadar pop\u00fcler?\" \/>\n<meta property=\"og:description\" content=\"Profesyonel bir bahis \u015firketi, \u00f6nemli miktarda \u00fccretsiz bahis de dahil olmak \u00fczere \u00e7e\u015fitli bonus teklifleri sunar. Promosyon \u015fartlar\u0131n\u0131 yerine getirmek fazla zaman veya \u00e7aba gerektirmez\" \/>\n<meta property=\"og:url\" content=\"https:\/\/bk-site-amp74.top\/tr\/freebet-tr\/\" \/>\n<meta property=\"og:site_name\" content=\"1xBet \u041e\u0444\u0438\u0446\u0438\u0430\u043b\u044c\u043d\u044b\u0439 C\u0430\u0439\u0442\" \/>\n<script type=\"application\/ld+json\" class=\"yoast-schema-graph\">{\"@context\":\"https:\/\/schema.org\",\"@graph\":[{\"@type\":\"WebPage\",\"@id\":\"https:\/\/bk-site-amp74.top\/tr\/freebet-tr\/\",\"url\":\"https:\/\/bk-site-amp74.top\/tr\/freebet-tr\/\",\"name\":\"G\u00fcvenilir bir bahis\u00e7iden bedava bahis neden bu kadar pop\u00fcler?\",\"isPartOf\":{\"@id\":\"https:\/\/bk-site-amp74.top\/#website\"},\"datePublished\":\"2026-02-09T16:08:16+00:00\",\"description\":\"Profesyonel bir bahis \u015firketi, \u00f6nemli miktarda \u00fccretsiz bahis de dahil olmak \u00fczere \u00e7e\u015fitli bonus teklifleri sunar. Promosyon \u015fartlar\u0131n\u0131 yerine getirmek fazla zaman veya \u00e7aba gerektirmez\",\"breadcrumb\":{\"@id\":\"https:\/\/bk-site-amp74.top\/tr\/freebet-tr\/#breadcrumb\"},\"inLanguage\":\"ru-RU\",\"potentialAction\":[{\"@type\":\"ReadAction\",\"target\":[\"https:\/\/bk-site-amp74.top\/tr\/freebet-tr\/\"]}]},{\"@type\":\"BreadcrumbList\",\"@id\":\"https:\/\/bk-site-amp74.top\/tr\/freebet-tr\/#breadcrumb\",\"itemListElement\":[{\"@type\":\"ListItem\",\"position\":1,\"name\":\"1\u0445\u0431\u0435\u0442\",\"item\":\"https:\/\/bk-site-amp74.top\/\"},{\"@type\":\"ListItem\",\"position\":2,\"name\":\"Freebet-tr\"}]},{\"@type\":\"WebSite\",\"@id\":\"https:\/\/bk-site-amp74.top\/#website\",\"url\":\"https:\/\/bk-site-amp74.top\/\",\"name\":\"1xbet\",\"description\":\"\",\"alternateName\":\"1\u0445\u0431\u0435\u0442\",\"potentialAction\":[{\"@type\":\"SearchAction\",\"target\":{\"@type\":\"EntryPoint\",\"urlTemplate\":\"https:\/\/bk-site-amp74.top\/?s={search_term_string}\"},\"query-input\":{\"@type\":\"PropertyValueSpecification\",\"valueRequired\":true,\"valueName\":\"search_term_string\"}}],\"inLanguage\":\"ru-RU\"}]}<\/script>\n<!-- \/ Yoast SEO plugin. -->","yoast_head_json":{"title":"G\u00fcvenilir bir bahis\u00e7iden bedava bahis neden bu kadar pop\u00fcler?","description":"Profesyonel bir bahis \u015firketi, \u00f6nemli miktarda \u00fccretsiz bahis de dahil olmak \u00fczere \u00e7e\u015fitli bonus teklifleri sunar. Promosyon \u015fartlar\u0131n\u0131 yerine getirmek fazla zaman veya \u00e7aba gerektirmez","robots":{"index":"index","follow":"follow","max-snippet":"max-snippet:-1","max-image-preview":"max-image-preview:large","max-video-preview":"max-video-preview:-1"},"canonical":"https:\/\/bk-site-amp74.top\/tr\/freebet-tr\/","og_locale":"ru_RU","og_type":"article","og_title":"G\u00fcvenilir bir bahis\u00e7iden bedava bahis neden bu kadar pop\u00fcler?","og_description":"Profesyonel bir bahis \u015firketi, \u00f6nemli miktarda \u00fccretsiz bahis de dahil olmak \u00fczere \u00e7e\u015fitli bonus teklifleri sunar. Promosyon \u015fartlar\u0131n\u0131 yerine getirmek fazla zaman veya \u00e7aba gerektirmez","og_url":"https:\/\/bk-site-amp74.top\/tr\/freebet-tr\/","og_site_name":"1xBet \u041e\u0444\u0438\u0446\u0438\u0430\u043b\u044c\u043d\u044b\u0439 C\u0430\u0439\u0442","schema":{"@context":"https:\/\/schema.org","@graph":[{"@type":"WebPage","@id":"https:\/\/bk-site-amp74.top\/tr\/freebet-tr\/","url":"https:\/\/bk-site-amp74.top\/tr\/freebet-tr\/","name":"G\u00fcvenilir bir bahis\u00e7iden bedava bahis neden bu kadar pop\u00fcler?","isPartOf":{"@id":"https:\/\/bk-site-amp74.top\/#website"},"datePublished":"2026-02-09T16:08:16+00:00","description":"Profesyonel bir bahis \u015firketi, \u00f6nemli miktarda \u00fccretsiz bahis de dahil olmak \u00fczere \u00e7e\u015fitli bonus teklifleri sunar. Promosyon \u015fartlar\u0131n\u0131 yerine getirmek fazla zaman veya \u00e7aba gerektirmez","breadcrumb":{"@id":"https:\/\/bk-site-amp74.top\/tr\/freebet-tr\/#breadcrumb"},"inLanguage":"ru-RU","potentialAction":[{"@type":"ReadAction","target":["https:\/\/bk-site-amp74.top\/tr\/freebet-tr\/"]}]},{"@type":"BreadcrumbList","@id":"https:\/\/bk-site-amp74.top\/tr\/freebet-tr\/#breadcrumb","itemListElement":[{"@type":"ListItem","position":1,"name":"1\u0445\u0431\u0435\u0442","item":"https:\/\/bk-site-amp74.top\/"},{"@type":"ListItem","position":2,"name":"Freebet-tr"}]},{"@type":"WebSite","@id":"https:\/\/bk-site-amp74.top\/#website","url":"https:\/\/bk-site-amp74.top\/","name":"1xbet","description":"","alternateName":"1\u0445\u0431\u0435\u0442","potentialAction":[{"@type":"SearchAction","target":{"@type":"EntryPoint","urlTemplate":"https:\/\/bk-site-amp74.top\/?s={search_term_string}"},"query-input":{"@type":"PropertyValueSpecification","valueRequired":true,"valueName":"search_term_string"}}],"inLanguage":"ru-RU"}]}},"amp_enabled":true,"_links":{"self":[{"href":"https:\/\/bk-site-amp74.top\/wp-json\/wp\/v2\/pages\/3269","targetHints":{"allow":["GET"]}}],"collection":[{"href":"https:\/\/bk-site-amp74.top\/wp-json\/wp\/v2\/pages"}],"about":[{"href":"https:\/\/bk-site-amp74.top\/wp-json\/wp\/v2\/types\/page"}],"author":[{"embeddable":true,"href":"https:\/\/bk-site-amp74.top\/wp-json\/wp\/v2\/users\/1"}],"replies":[{"embeddable":true,"href":"https:\/\/bk-site-amp74.top\/wp-json\/wp\/v2\/comments?post=3269"}],"version-history":[{"count":1,"href":"https:\/\/bk-site-amp74.top\/wp-json\/wp\/v2\/pages\/3269\/revisions"}],"predecessor-version":[{"id":3270,"href":"https:\/\/bk-site-amp74.top\/wp-json\/wp\/v2\/pages\/3269\/revisions\/3270"}],"wp:attachment":[{"href":"https:\/\/bk-site-amp74.top\/wp-json\/wp\/v2\/media?parent=3269"}],"curies":[{"name":"wp","href":"https:\/\/api.w.org\/{rel}","templated":true}]}}